{"id":1081,"date":"2020-02-13T08:29:12","date_gmt":"2020-02-13T16:29:12","guid":{"rendered":"https:\/\/globalplantbased.com\/?page_id=1081"},"modified":"2023-08-22T06:43:09","modified_gmt":"2023-08-22T13:43:09","slug":"news","status":"publish","type":"page","link":"https:\/\/globalplantbased.com\/fr\/news\/","title":{"rendered":"NOUVELLES"},"content":{"rendered":"<p><div class=\"fusion-fullwidth fullwidth-box fusion-builder-row-1 has-pattern-background has-mask-background fusion-parallax-none nonhundred-percent-fullwidth non-hundred-percent-height-scrolling\" style=\"--awb-border-radius-top-left:0px;--awb-border-radius-top-right:0px;--awb-border-radius-bottom-right:0px;--awb-border-radius-bottom-left:0px;--awb-padding-top:40px;--awb-padding-bottom:180px;--awb-background-image:url(&quot;https:\/\/globalplantbased.com\/wp-content\/uploads\/2023\/08\/news-header.jpg&quot;);--awb-background-size:cover;--awb-flex-wrap:wrap;\" ><div class=\"fusion-builder-row fusion-row\"><div class=\"fusion-layout-column fusion_builder_column fusion-builder-column-0 fusion_builder_column_1_1 1_1 fusion-one-full fusion-column-first fusion-column-last\" style=\"--awb-padding-top:80px;--awb-padding-bottom:80px;--awb-bg-size:cover;\"><div class=\"fusion-column-wrapper fusion-column-has-shadow fusion-flex-column-wrapper-legacy\"><div class=\"fusion-clearfix\"><\/div><\/div><\/div><\/div><\/div><div class=\"fusion-fullwidth fullwidth-box fusion-builder-row-2 nonhundred-percent-fullwidth non-hundred-percent-height-scrolling\" style=\"--awb-background-position:right center;--awb-border-radius-top-left:0px;--awb-border-radius-top-right:0px;--awb-border-radius-bottom-right:0px;--awb-border-radius-bottom-left:0px;--awb-padding-top:80px;--awb-flex-wrap:wrap;\" ><div class=\"fusion-builder-row fusion-row\"><div class=\"fusion-layout-column fusion_builder_column fusion-builder-column-1 fusion_builder_column_1_2 1_2 fusion-one-half fusion-column-first\" style=\"--awb-padding-top:20px;--awb-bg-position:left center;--awb-bg-size:cover;--awb-box-shadow: 0px 0px ;;width:50%;width:calc(50% - ( ( 4% ) * 0.5 ) );margin-right: 4%;\"><div class=\"fusion-column-wrapper fusion-column-has-shadow fusion-flex-column-wrapper-legacy\"><div class=\"fusion-text fusion-text-1\"><h2>NOUVELLES<\/h2>\n<h4><a href=\"https:\/\/globalplantbased.com\/fr\/news\/les-benefices-dune-alimentation-a-base-de-plantes\/\"><span style=\"color: #999999;\">15 avril 2019 <\/span><\/a><\/h4>\n<h4 style=\"margin-top: 3px;\"><span style=\"color: #70b63c;\"><a style=\"color: #70b63c;\" href=\"https:\/\/globalplantbased.com\/fr\/news\/les-benefices-dune-alimentation-a-base-de-plantes\/\">Les b\u00e9n\u00e9fices d&rsquo;une alimentation \u00e0 base de plantes<\/a><\/span><\/h4>\n<p>Les \u00e9tudes abondent en ce sens : une alimentation \u00e0 base de plantes diminue consid\u00e9rablement les risques de maladies du c\u0153ur, de diab\u00e8te de type 2, d\u2019hypertension art\u00e9rielle, d\u2019accident vasculaire c\u00e9r\u00e9bral (AVC) et de plusieurs cancers, particuli\u00e8rement ceux du colon, du sein et de la prostate. Cette di\u00e8te est \u00e9galement associ\u00e9e \u00e0 une meilleure sant\u00e9 physique et mentale en g\u00e9n\u00e9ral.<br \/>\n<span style=\"color: #70b63c;\"><a style=\"color: #70b63c;\" href=\"https:\/\/globalplantbased.com\/fr\/news\/les-benefices-dune-alimentation-a-base-de-plantes\/\">Read More&#8230;<\/a><\/span><\/p>\n<h4><a href=\"https:\/\/globalplantbased.com\/news\/plant-based-proteins-an-opportunity-not-a-threat-to-manitoba-farmers-summit-told\/\"><span style=\"color: #999999;\">Sep 19, 2019<\/span><\/a><\/h4>\n<h4 style=\"margin-top: 3px;\"><span style=\"color: #70b63c;\"><a style=\"color: #70b63c;\" href=\"https:\/\/globalplantbased.com\/news\/plant-based-proteins-an-opportunity-not-a-threat-to-manitoba-farmers-summit-told\/\">Plant-based proteins an opportunity, not a threat, to Manitoba farmers, summit told<\/a><\/span><\/h4>\n<p>Food distribution expert Sylvain Charlebois acknowledged that some meat producers feel threatened by the growing appetite for plant-based proteins like the Beyond Meat burger, but said there are opportunities for meat producers and plant-based food producers to work together.\u00a0(Steve Helber\/Associated Press)<br \/>\n<span style=\"color: #70b63c;\"><a style=\"color: #70b63c;\" href=\"https:\/\/globalplantbased.com\/news\/plant-based-proteins-an-opportunity-not-a-threat-to-manitoba-farmers-summit-told\/\">Read More&#8230;<\/a><\/span><\/p>\n<h4><a href=\"https:\/\/globalplantbased.com\/plant-based-sales-on-the-rise\/\"><span style=\"color: #999999;\">Jul 16, 2019<\/span><\/a><\/h4>\n<h4 style=\"margin-top: 3px;\"><span style=\"color: #70b63c;\"><a style=\"color: #70b63c;\" href=\"https:\/\/globalplantbased.com\/plant-based-sales-on-the-rise\/\">Plant Based Sales on the rise<\/a><\/span><\/h4>\n<p>Even before vegan burger maker\u00a0<a title=\"Company Overview\" href=\"https:\/\/www.bloomberg.com\/quote\/BYND:US\">Beyond Meat Inc.<\/a>\u00a0became this year\u2019s\u00a0<a title=\"No End in Sight for U.S. IPO Frenzy as Share Gains Pile Up\" href=\"https:\/\/www.bloomberg.com\/news\/articles\/2019-07-03\/no-end-in-sight-for-u-s-ipo-frenzy-as-share-gains-pile-up\" target=\"_blank\" rel=\"noopener noreferrer\">standout<\/a>\u00a0initial public offering, it was clear that plant-based food is booming. What\u2019s less clear: how to define \u201cplant-based.\u201d<br \/>\n<span style=\"color: #70b63c;\"><a style=\"color: #70b63c;\" href=\"https:\/\/globalplantbased.com\/plant-based-sales-on-the-rise\/\">Read More&#8230;<\/a><\/span><\/p>\n<h4><a href=\"https:\/\/globalplantbased.com\/plant-based-diets-defined\/\"><span style=\"color: #999999;\">Sep 12, 2019<\/span><\/a><\/h4>\n<h4 style=\"margin-top: 3px;\"><span style=\"color: #70b63c;\"><a style=\"color: #70b63c;\" href=\"https:\/\/globalplantbased.com\/plant-based-diets-defined\/\">Plant-Based Diets Defined<\/a><\/span><\/h4>\n<p>If you\u2019ve been researching the topic of plant-based diets for any length of time, you\u2019ve probably run into common terms such as vegan, vegetarian, and perhaps even some monstrosities such as \u201clacto-ovo-pesco-macro-tarian\u201d\u2026<br \/>\n<span style=\"color: #70b63c;\"><a style=\"color: #70b63c;\" href=\"https:\/\/globalplantbased.com\/plant-based-diets-defined\/\">Read More&#8230;<\/a><\/span><\/p>\n<h4><a href=\"https:\/\/globalplantbased.com\/plant-based-becoming-mainstream\/\"><span style=\"color: #999999;\">Feb 15, 2019<\/span><\/a><\/h4>\n<h4 style=\"margin-top: 3px;\"><span style=\"color: #70b63c;\"><a style=\"color: #70b63c;\" href=\"https:\/\/globalplantbased.com\/plant-based-becoming-mainstream\/\">Plant Based becoming Mainstream<\/a><\/span><\/h4>\n<p>Making the rounds at the Fancy Food Show in San Francisco last month, Phil Lempert couldn\u2019t help but notice a curious pattern in the myriad chips and protein bars and truffle brie and deli meats on display.<br \/>\n<span style=\"color: #70b63c;\"><a style=\"color: #70b63c;\" href=\"https:\/\/globalplantbased.com\/plant-based-becoming-mainstream\/\">Read More&#8230;<\/a><\/span><\/p>\n<h4 style=\"margin-top: 3px;\"><span style=\"color: #70b63c;\"><a style=\"color: #70b63c;\" href=\"https:\/\/globalplantbased.com\/plant-based-growth-trends-and-forecast\/\">Plant Based Growth, Trends and Forecast<\/a><\/span><\/h4>\n<p>The plant protein market is forecasted at USD 9.5\u00a0billion in 2024\u00a0and is expected to register a CAGR of 7.0%, during the forecast period (2019-2024). In 2018, North America was the largest geographical segment of the market studied and accounted for a share of around 38.6% of the market.<br \/>\n<span style=\"color: #70b63c;\"><a style=\"color: #70b63c;\" href=\"https:\/\/globalplantbased.com\/plant-based-growth-trends-and-forecast\/\">Read More&#8230;<\/a><\/span><\/p>\n<h4><a href=\"https:\/\/globalplantbased.com\/sales-of-plant-based-foods-up-11\/\"><span style=\"color: #999999;\">Jul 16, 2019<\/span><\/a><\/h4>\n<h4 style=\"margin-top: 3px;\"><span style=\"color: #70b63c;\"><a style=\"color: #70b63c;\" href=\"https:\/\/globalplantbased.com\/sales-of-plant-based-foods-up-11\/\"><strong>Sales of Plant-Based Foods up 11%<\/strong><\/a><\/span><\/h4>\n<p>The market for plant-based foods has grown in the past year, although slower than it did from 2017-18.<br \/>\n<span style=\"color: #70b63c;\"><a style=\"color: #70b63c;\" href=\"https:\/\/globalplantbased.com\/sales-of-plant-based-foods-up-11\/\">Read More&#8230;<\/a><\/span><\/p>\n<h4><a href=\"https:\/\/globalplantbased.com\/business-gets-on-board-the-plant-based-protein-train\/\"><span style=\"color: #999999;\">May 8, 2019<\/span><\/a><\/h4>\n<h4 style=\"margin-top: 3px;\"><span style=\"color: #70b63c;\"><a style=\"color: #70b63c;\" href=\"https:\/\/globalplantbased.com\/business-gets-on-board-the-plant-based-protein-train\/\"><strong>Business gets on board the plant-based protein train<\/strong><\/a><\/span><\/h4>\n<p>You know protein alternatives have hit the big time when the CEO of a multimillion-dollar meat company insists he&rsquo;s now running a \u00ab\u00a0protein company.\u00a0\u00bb<br \/>\n<span style=\"color: #70b63c;\"><a style=\"color: #70b63c;\" href=\"https:\/\/globalplantbased.com\/business-gets-on-board-the-plant-based-protein-train\/\">Read More&#8230;<\/a><\/span><\/p>\n<h4><a href=\"https:\/\/globalplantbased.com\/canadas-food-guide-is-endorses-plant-based-diets\/\"><span style=\"color: #999999;\">Jan 23, 2019<\/span><\/a><\/h4>\n<h4 style=\"margin-top: 3px;\"><a href=\"https:\/\/globalplantbased.com\/canadas-food-guide-is-endorses-plant-based-diets\/\"><span style=\"color: #70b63c;\"><strong>Canada&rsquo;s Food Guide is endorses Plant based diets<\/strong><\/span><\/a><\/h4>\n<p>OTTAWA \u2014 Health Canada is stressing healthy eating through plant-based diets, while recommending Canadians eat less meat and dairy.<br \/>\n<span style=\"color: #70b63c;\"><a style=\"color: #70b63c;\" href=\"https:\/\/globalplantbased.com\/canadas-food-guide-is-endorses-plant-based-diets\/\">Read More&#8230;<\/a><\/span><\/p>\n<\/div><div class=\"fusion-clearfix\"><\/div><\/div><\/div><div class=\"fusion-layout-column fusion_builder_column fusion-builder-column-2 fusion_builder_column_1_2 1_2 fusion-one-half fusion-column-last\" style=\"--awb-bg-size:cover;width:50%;width:calc(50% - ( ( 4% ) * 0.5 ) );\"><div class=\"fusion-column-wrapper fusion-column-has-shadow fusion-flex-column-wrapper-legacy\"><div class=\"fusion-image-element in-legacy-container\" style=\"--awb-caption-title-font-family:var(--h2_typography-font-family);--awb-caption-title-font-weight:var(--h2_typography-font-weight);--awb-caption-title-font-style:var(--h2_typography-font-style);--awb-caption-title-size:var(--h2_typography-font-size);--awb-caption-title-transform:var(--h2_typography-text-transform);--awb-caption-title-line-height:var(--h2_typography-line-height);--awb-caption-title-letter-spacing:var(--h2_typography-letter-spacing);\"><span class=\" fusion-imageframe imageframe-none imageframe-1 hover-type-none\"><img decoding=\"async\" width=\"600\" height=\"1052\" title=\"faq-content\" src=\"https:\/\/globalplantbased.com\/wp-content\/uploads\/2019\/06\/faq-content.jpg\" alt class=\"img-responsive wp-image-883\" srcset=\"https:\/\/globalplantbased.com\/wp-content\/uploads\/2019\/06\/faq-content-200x351.jpg 200w, https:\/\/globalplantbased.com\/wp-content\/uploads\/2019\/06\/faq-content-400x701.jpg 400w, https:\/\/globalplantbased.com\/wp-content\/uploads\/2019\/06\/faq-content.jpg 600w\" sizes=\"(max-width: 1125px) 100vw, 600px\" \/><\/span><\/div><div class=\"fusion-clearfix\"><\/div><\/div><\/div><\/div><\/div><\/p>\n","protected":false},"excerpt":{"rendered":"","protected":false},"author":1,"featured_media":0,"parent":0,"menu_order":0,"comment_status":"closed","ping_status":"open","template":"100-width.php","meta":{"footnotes":""},"class_list":["post-1081","page","type-page","status-publish","hentry"],"yoast_head":"<!-- This site is optimized with the Yoast SEO plugin v26.7 - https:\/\/yoast.com\/wordpress\/plugins\/seo\/ -->\n<title>NOUVELLES - Global Plant Based<\/title>\n<meta name=\"robots\" content=\"index, follow, max-snippet:-1, max-image-preview:large, max-video-preview:-1\" \/>\n<link rel=\"canonical\" href=\"https:\/\/globalplantbased.com\/fr\/news\/\" \/>\n<meta property=\"og:locale\" content=\"fr_FR\" \/>\n<meta property=\"og:type\" content=\"article\" \/>\n<meta property=\"og:title\" content=\"NOUVELLES - Global Plant Based\" \/>\n<meta property=\"og:url\" content=\"https:\/\/globalplantbased.com\/fr\/news\/\" \/>\n<meta property=\"og:site_name\" content=\"Global Plant Based\" \/>\n<meta property=\"article:modified_time\" content=\"2023-08-22T13:43:09+00:00\" \/>\n<meta name=\"twitter:card\" content=\"summary_large_image\" \/>\n<meta name=\"twitter:label1\" content=\"Dur\u00e9e de lecture estim\u00e9e\" \/>\n\t<meta name=\"twitter:data1\" content=\"7 minutes\" \/>\n<script type=\"application\/ld+json\" class=\"yoast-schema-graph\">{\"@context\":\"https:\/\/schema.org\",\"@graph\":[{\"@type\":\"WebPage\",\"@id\":\"https:\/\/globalplantbased.com\/fr\/news\/\",\"url\":\"https:\/\/globalplantbased.com\/fr\/news\/\",\"name\":\"NOUVELLES - Global Plant Based\",\"isPartOf\":{\"@id\":\"https:\/\/globalplantbased.com\/#website\"},\"datePublished\":\"2020-02-13T16:29:12+00:00\",\"dateModified\":\"2023-08-22T13:43:09+00:00\",\"breadcrumb\":{\"@id\":\"https:\/\/globalplantbased.com\/fr\/news\/#breadcrumb\"},\"inLanguage\":\"fr-FR\",\"potentialAction\":[{\"@type\":\"ReadAction\",\"target\":[\"https:\/\/globalplantbased.com\/fr\/news\/\"]}]},{\"@type\":\"BreadcrumbList\",\"@id\":\"https:\/\/globalplantbased.com\/fr\/news\/#breadcrumb\",\"itemListElement\":[{\"@type\":\"ListItem\",\"position\":1,\"name\":\"Home\",\"item\":\"https:\/\/globalplantbased.com\/fr\/\"},{\"@type\":\"ListItem\",\"position\":2,\"name\":\"NOUVELLES\"}]},{\"@type\":\"WebSite\",\"@id\":\"https:\/\/globalplantbased.com\/#website\",\"url\":\"https:\/\/globalplantbased.com\/\",\"name\":\"Global Plant Based\",\"description\":\"\",\"publisher\":{\"@id\":\"https:\/\/globalplantbased.com\/#organization\"},\"potentialAction\":[{\"@type\":\"SearchAction\",\"target\":{\"@type\":\"EntryPoint\",\"urlTemplate\":\"https:\/\/globalplantbased.com\/?s={search_term_string}\"},\"query-input\":{\"@type\":\"PropertyValueSpecification\",\"valueRequired\":true,\"valueName\":\"search_term_string\"}}],\"inLanguage\":\"fr-FR\"},{\"@type\":\"Organization\",\"@id\":\"https:\/\/globalplantbased.com\/#organization\",\"name\":\"GLOBAL PLANT BASED CERTIFIED\",\"url\":\"https:\/\/globalplantbased.com\/\",\"logo\":{\"@type\":\"ImageObject\",\"inLanguage\":\"fr-FR\",\"@id\":\"https:\/\/globalplantbased.com\/#\/schema\/logo\/image\/\",\"url\":\"https:\/\/globalplantbased.com\/wp-content\/uploads\/2019\/06\/logo1282.png\",\"contentUrl\":\"https:\/\/globalplantbased.com\/wp-content\/uploads\/2019\/06\/logo1282.png\",\"width\":1000,\"height\":994,\"caption\":\"GLOBAL PLANT BASED CERTIFIED\"},\"image\":{\"@id\":\"https:\/\/globalplantbased.com\/#\/schema\/logo\/image\/\"}}]}<\/script>\n<!-- \/ Yoast SEO plugin. -->","yoast_head_json":{"title":"NOUVELLES - Global Plant Based","robots":{"index":"index","follow":"follow","max-snippet":"max-snippet:-1","max-image-preview":"max-image-preview:large","max-video-preview":"max-video-preview:-1"},"canonical":"https:\/\/globalplantbased.com\/fr\/news\/","og_locale":"fr_FR","og_type":"article","og_title":"NOUVELLES - Global Plant Based","og_url":"https:\/\/globalplantbased.com\/fr\/news\/","og_site_name":"Global Plant Based","article_modified_time":"2023-08-22T13:43:09+00:00","twitter_card":"summary_large_image","twitter_misc":{"Dur\u00e9e de lecture estim\u00e9e":"7 minutes"},"schema":{"@context":"https:\/\/schema.org","@graph":[{"@type":"WebPage","@id":"https:\/\/globalplantbased.com\/fr\/news\/","url":"https:\/\/globalplantbased.com\/fr\/news\/","name":"NOUVELLES - Global Plant Based","isPartOf":{"@id":"https:\/\/globalplantbased.com\/#website"},"datePublished":"2020-02-13T16:29:12+00:00","dateModified":"2023-08-22T13:43:09+00:00","breadcrumb":{"@id":"https:\/\/globalplantbased.com\/fr\/news\/#breadcrumb"},"inLanguage":"fr-FR","potentialAction":[{"@type":"ReadAction","target":["https:\/\/globalplantbased.com\/fr\/news\/"]}]},{"@type":"BreadcrumbList","@id":"https:\/\/globalplantbased.com\/fr\/news\/#breadcrumb","itemListElement":[{"@type":"ListItem","position":1,"name":"Home","item":"https:\/\/globalplantbased.com\/fr\/"},{"@type":"ListItem","position":2,"name":"NOUVELLES"}]},{"@type":"WebSite","@id":"https:\/\/globalplantbased.com\/#website","url":"https:\/\/globalplantbased.com\/","name":"Global Plant Based","description":"","publisher":{"@id":"https:\/\/globalplantbased.com\/#organization"},"potentialAction":[{"@type":"SearchAction","target":{"@type":"EntryPoint","urlTemplate":"https:\/\/globalplantbased.com\/?s={search_term_string}"},"query-input":{"@type":"PropertyValueSpecification","valueRequired":true,"valueName":"search_term_string"}}],"inLanguage":"fr-FR"},{"@type":"Organization","@id":"https:\/\/globalplantbased.com\/#organization","name":"GLOBAL PLANT BASED CERTIFIED","url":"https:\/\/globalplantbased.com\/","logo":{"@type":"ImageObject","inLanguage":"fr-FR","@id":"https:\/\/globalplantbased.com\/#\/schema\/logo\/image\/","url":"https:\/\/globalplantbased.com\/wp-content\/uploads\/2019\/06\/logo1282.png","contentUrl":"https:\/\/globalplantbased.com\/wp-content\/uploads\/2019\/06\/logo1282.png","width":1000,"height":994,"caption":"GLOBAL PLANT BASED CERTIFIED"},"image":{"@id":"https:\/\/globalplantbased.com\/#\/schema\/logo\/image\/"}}]}},"_links":{"self":[{"href":"https:\/\/globalplantbased.com\/fr\/wp-json\/wp\/v2\/pages\/1081","targetHints":{"allow":["GET"]}}],"collection":[{"href":"https:\/\/globalplantbased.com\/fr\/wp-json\/wp\/v2\/pages"}],"about":[{"href":"https:\/\/globalplantbased.com\/fr\/wp-json\/wp\/v2\/types\/page"}],"author":[{"embeddable":true,"href":"https:\/\/globalplantbased.com\/fr\/wp-json\/wp\/v2\/users\/1"}],"replies":[{"embeddable":true,"href":"https:\/\/globalplantbased.com\/fr\/wp-json\/wp\/v2\/comments?post=1081"}],"version-history":[{"count":6,"href":"https:\/\/globalplantbased.com\/fr\/wp-json\/wp\/v2\/pages\/1081\/revisions"}],"predecessor-version":[{"id":1629,"href":"https:\/\/globalplantbased.com\/fr\/wp-json\/wp\/v2\/pages\/1081\/revisions\/1629"}],"wp:attachment":[{"href":"https:\/\/globalplantbased.com\/fr\/wp-json\/wp\/v2\/media?parent=1081"}],"curies":[{"name":"wp","href":"https:\/\/api.w.org\/{rel}","templated":true}]}}