{"id":1313,"date":"2021-01-11T13:11:23","date_gmt":"2021-01-11T21:11:23","guid":{"rendered":"https:\/\/globalplantbased.com\/?page_id=1313"},"modified":"2021-01-25T06:57:44","modified_gmt":"2021-01-25T14:57:44","slug":"les-benefices-dune-alimentation-a-base-de-plantes","status":"publish","type":"page","link":"https:\/\/globalplantbased.com\/fr\/news\/les-benefices-dune-alimentation-a-base-de-plantes\/","title":{"rendered":"Les b\u00e9n\u00e9fices d&rsquo;une alimentation \u00e0 base de plantes"},"content":{"rendered":"<p><div class=\"fusion-fullwidth fullwidth-box fusion-builder-row-1 fusion-parallax-none nonhundred-percent-fullwidth non-hundred-percent-height-scrolling\" style=\"--awb-border-radius-top-left:0px;--awb-border-radius-top-right:0px;--awb-border-radius-bottom-right:0px;--awb-border-radius-bottom-left:0px;--awb-padding-top:40px;--awb-padding-bottom:180px;--awb-background-image:url(&quot;https:\/\/globalplantbased.com\/wp-content\/uploads\/2019\/06\/faq-header-1.jpg&quot;);--awb-background-size:cover;--awb-flex-wrap:wrap;\" ><div class=\"fusion-builder-row fusion-row\"><div class=\"fusion-layout-column fusion_builder_column fusion-builder-column-0 fusion_builder_column_1_1 1_1 fusion-one-full fusion-column-first fusion-column-last\" style=\"--awb-padding-top:80px;--awb-padding-bottom:80px;--awb-bg-size:cover;\"><div class=\"fusion-column-wrapper fusion-column-has-shadow fusion-flex-column-wrapper-legacy\"><div class=\"fusion-clearfix\"><\/div><\/div><\/div><\/div><\/div><div class=\"fusion-fullwidth fullwidth-box fusion-builder-row-2 nonhundred-percent-fullwidth non-hundred-percent-height-scrolling\" style=\"--awb-background-position:right center;--awb-border-radius-top-left:0px;--awb-border-radius-top-right:0px;--awb-border-radius-bottom-right:0px;--awb-border-radius-bottom-left:0px;--awb-padding-top:80px;--awb-flex-wrap:wrap;\" ><div class=\"fusion-builder-row fusion-row\"><div class=\"fusion-layout-column fusion_builder_column fusion-builder-column-1 fusion_builder_column_1_2 1_2 fusion-one-half fusion-column-first\" style=\"--awb-padding-top:20px;--awb-bg-position:left center;--awb-bg-size:cover;--awb-box-shadow: 0px 0px ;;width:50%;width:calc(50% - ( ( 4% ) * 0.5 ) );margin-right: 4%;\"><div class=\"fusion-column-wrapper fusion-column-has-shadow fusion-flex-column-wrapper-legacy\"><div class=\"fusion-text fusion-text-1\"><h3><span style=\"color: #999999;\">15 avril 2019 <\/span><\/h3>\n<h2 style=\"margin-top: 3px;\">Les b\u00e9n\u00e9fices d&rsquo;une alimentation \u00e0 base de plantes<\/h2>\n<h3><span style=\"color: #999999;\">By\u00a0<a class=\"author-v2__byline\" style=\"color: #999999;\" href=\"https:\/\/www.journaldemontreal.com\/auteur\/gabrielle.tremblay-baillargeon\" rel=\"author\">Gabrielle Tremblay-Baillargeon<\/a><\/span><\/h3>\n<\/div><div class=\"fusion-sep-clear\"><\/div><div class=\"fusion-separator fusion-full-width-sep\" style=\"margin-left: auto;margin-right: auto;margin-top:30px;width:100%;\"><\/div><div class=\"fusion-sep-clear\"><\/div><div class=\"fusion-text fusion-text-2\"><p>Quels sont les bienfaits d&rsquo;une alimentation \u00e0 base de plantes? Voici les principaux b\u00e9n\u00e9fices pour la sant\u00e9 et l&rsquo;environnement que cette di\u00e8te pourrait vous apporter.<\/p>\n<p>QU\u2019EST-CE QUE C\u2019EST?<br \/>\nLe nouveau Guide alimentaire canadien recommande de consommer plus de prot\u00e9ines v\u00e9g\u00e9tales (l\u00e9gumineuses, tofu), mais aussi plus de l\u00e9gumes et de fruits, de grains entiers et de gras non satur\u00e9s.<\/p>\n<p>Ces recommandations rejoignent celles de centaines d\u2019experts en nutrition qui pr\u00e9conisent un r\u00e9gime alimentaire \u00e0 base de plantes (plant-based diet).<\/p>\n<p>Mais \u00e0 quoi r\u00e9f\u00e8re-t-on exactement quand on parle de ce type d\u2019alimentation?<\/p>\n<p>On distingue les produits d\u2019origine animale (viande, volaille, fruits de mer, \u0153ufs, laitages&#8230;) des produits d\u2019origine v\u00e9g\u00e9tale (l\u00e9gumes, fruits, grains entiers, prot\u00e9ines v\u00e9g\u00e9tales, huiles, noix et graines&#8230;).<\/p>\n<p>L\u2019alimentation \u00e0 base de plantes consiste \u00e0 int\u00e9grer plus d\u2019aliments d\u2019origine v\u00e9g\u00e9tale dans notre panier d\u2019\u00e9picerie sans pour autant \u00e9liminer compl\u00e8tement ceux d\u2019origine animale. Le yogourt, le fromage et la viande, par exemple, seraient consomm\u00e9s \u00e0 raison de quelques jours par semaine plut\u00f4t que quotidiennement.<\/p>\n<p>Bien calibr\u00e9e, cette di\u00e8te d\u2019inspiration m\u00e9diterran\u00e9enne offre toutes les vitamines et tous les min\u00e9raux dont nous avons besoin en plus de comporter de larges bienfaits pour la sant\u00e9 et la plan\u00e8te.<\/p>\n<p>UN CORPS SAIN DANS UN ESPRIT SAIN<br \/>\nLes \u00e9tudes abondent en ce sens : une alimentation \u00e0 base de plantes diminue consid\u00e9rablement les risques de maladies du c\u0153ur, de diab\u00e8te de type 2, d\u2019hypertension art\u00e9rielle, d\u2019accident vasculaire c\u00e9r\u00e9bral (AVC) et de plusieurs cancers, particuli\u00e8rement ceux du colon, du sein et de la prostate. Cette di\u00e8te est \u00e9galement associ\u00e9e \u00e0 une meilleure sant\u00e9 physique et mentale en g\u00e9n\u00e9ral.<\/p>\n<p>UN GESTE \u00c9COLO<br \/>\n\u00c9tant donn\u00e9 l\u2019immense quantit\u00e9 de m\u00e9thane, de dioxyde de carbone et d\u2019eaux us\u00e9es \u00e9mise par leur production, diminuer sa consommation d\u2019aliments d\u2019origine animale est l\u2019un des gestes les plus \u00e9cologiques que l\u2019on puisse poser. On rapporte qu\u2019environ 18% des \u00e9missions de gaz \u00e0 effet de serre sont produites par l\u2019industrie de l\u2019\u00e9levage \u00e0 l\u2019\u00e9chelle de la plan\u00e8te.<\/p>\n<p>QUELQUES ASTUCES POUR S\u2019Y ATTELER<br \/>\nDiminuez votre consommation de viande. Allez-y \u00e0 votre rythme : r\u00e9duisez les portions dans vos assiettes, essayez les prot\u00e9ines v\u00e9g\u00e9tales et adoptez les Lundis sans viande.<br \/>\nVariez les l\u00e9gumes et les fruits que vous achetez. Selon le nouveau Guide alimentaire canadien, ceux-ci devraient constituer la moiti\u00e9 de votre assiette.<br \/>\nOptez pour de bons gras. Ceux contenus dans l\u2019huile d\u2019origine v\u00e9g\u00e9tale (olive, canola, tournesol), les noix, les graines et les avocats, par exemple, sont \u00e0 privil\u00e9gier puisqu\u2019ils contiennent peu ou pas de gras trans ou satur\u00e9s. Pour ce faire, remplacez le beurre par de la margarine non-hydrog\u00e9n\u00e9e \u00e0 base de plantes comme celle de Becel.<br \/>\nSoyez curieux! Essayez des aliments qui vous sont inconnus comme millet, le bok choy ou le tofu.<\/p>\n<p>Source:<a href=\"https:\/\/www.journaldemontreal.com\/2019\/04\/08\/pourquoi-adopter-une-alimentation-a-base-de-plantes-avec-becel\"> https:\/\/www.journaldemontreal.com\/2019\/04\/08\/pourquoi-adopter-&#8230;<\/a><\/p>\n<\/div><div class=\"fusion-sep-clear\"><\/div><div class=\"fusion-separator fusion-full-width-sep\" style=\"margin-left: auto;margin-right: auto;margin-top:30px;width:100%;\"><\/div><div class=\"fusion-sep-clear\"><\/div><div class=\"fusion-text fusion-text-3\"><p><a href=\"https:\/\/globalplantbased.com\/fr\/news\/\"><strong>&gt;&gt;Back to News<\/strong><\/a><\/p>\n<\/div><div class=\"fusion-clearfix\"><\/div><\/div><\/div><div class=\"fusion-layout-column fusion_builder_column fusion-builder-column-2 fusion_builder_column_1_2 1_2 fusion-one-half fusion-column-last\" style=\"--awb-bg-size:cover;width:50%;width:calc(50% - ( ( 4% ) * 0.5 ) );\"><div class=\"fusion-column-wrapper fusion-column-has-shadow fusion-flex-column-wrapper-legacy\"><div class=\"fusion-image-element in-legacy-container\" style=\"--awb-caption-title-font-family:var(--h2_typography-font-family);--awb-caption-title-font-weight:var(--h2_typography-font-weight);--awb-caption-title-font-style:var(--h2_typography-font-style);--awb-caption-title-size:var(--h2_typography-font-size);--awb-caption-title-transform:var(--h2_typography-text-transform);--awb-caption-title-line-height:var(--h2_typography-line-height);--awb-caption-title-letter-spacing:var(--h2_typography-letter-spacing);\"><span class=\" fusion-imageframe imageframe-none imageframe-1 hover-type-none\"><img decoding=\"async\" width=\"600\" height=\"1052\" title=\"faq-content\" src=\"https:\/\/globalplantbased.com\/wp-content\/uploads\/2019\/06\/faq-content.jpg\" alt class=\"img-responsive wp-image-883\" srcset=\"https:\/\/globalplantbased.com\/wp-content\/uploads\/2019\/06\/faq-content-200x351.jpg 200w, https:\/\/globalplantbased.com\/wp-content\/uploads\/2019\/06\/faq-content-400x701.jpg 400w, https:\/\/globalplantbased.com\/wp-content\/uploads\/2019\/06\/faq-content.jpg 600w\" sizes=\"(max-width: 1125px) 100vw, 600px\" \/><\/span><\/div><div class=\"fusion-clearfix\"><\/div><\/div><\/div><\/div><\/div><\/p>\n","protected":false},"excerpt":{"rendered":"","protected":false},"author":1,"featured_media":0,"parent":1081,"menu_order":0,"comment_status":"closed","ping_status":"closed","template":"100-width.php","meta":{"footnotes":""},"class_list":["post-1313","page","type-page","status-publish","hentry"],"yoast_head":"<!-- This site is optimized with the Yoast SEO plugin v26.7 - https:\/\/yoast.com\/wordpress\/plugins\/seo\/ -->\n<title>Les b\u00e9n\u00e9fices d&#039;une alimentation \u00e0 base de plantes - Global Plant Based<\/title>\n<meta name=\"robots\" content=\"index, follow, max-snippet:-1, max-image-preview:large, max-video-preview:-1\" \/>\n<link rel=\"canonical\" href=\"https:\/\/globalplantbased.com\/fr\/news\/les-benefices-dune-alimentation-a-base-de-plantes\/\" \/>\n<meta property=\"og:locale\" content=\"fr_FR\" \/>\n<meta property=\"og:type\" content=\"article\" \/>\n<meta property=\"og:title\" content=\"Les b\u00e9n\u00e9fices d&#039;une alimentation \u00e0 base de plantes - Global Plant Based\" \/>\n<meta property=\"og:url\" content=\"https:\/\/globalplantbased.com\/fr\/news\/les-benefices-dune-alimentation-a-base-de-plantes\/\" \/>\n<meta property=\"og:site_name\" content=\"Global Plant Based\" \/>\n<meta property=\"article:modified_time\" content=\"2021-01-25T14:57:44+00:00\" \/>\n<meta name=\"twitter:card\" content=\"summary_large_image\" \/>\n<meta name=\"twitter:label1\" content=\"Dur\u00e9e de lecture estim\u00e9e\" \/>\n\t<meta name=\"twitter:data1\" content=\"6 minutes\" \/>\n<script type=\"application\/ld+json\" class=\"yoast-schema-graph\">{\"@context\":\"https:\/\/schema.org\",\"@graph\":[{\"@type\":\"WebPage\",\"@id\":\"https:\/\/globalplantbased.com\/fr\/news\/les-benefices-dune-alimentation-a-base-de-plantes\/\",\"url\":\"https:\/\/globalplantbased.com\/fr\/news\/les-benefices-dune-alimentation-a-base-de-plantes\/\",\"name\":\"Les b\u00e9n\u00e9fices d'une alimentation \u00e0 base de plantes - Global Plant Based\",\"isPartOf\":{\"@id\":\"https:\/\/globalplantbased.com\/#website\"},\"datePublished\":\"2021-01-11T21:11:23+00:00\",\"dateModified\":\"2021-01-25T14:57:44+00:00\",\"breadcrumb\":{\"@id\":\"https:\/\/globalplantbased.com\/fr\/news\/les-benefices-dune-alimentation-a-base-de-plantes\/#breadcrumb\"},\"inLanguage\":\"fr-FR\",\"potentialAction\":[{\"@type\":\"ReadAction\",\"target\":[\"https:\/\/globalplantbased.com\/fr\/news\/les-benefices-dune-alimentation-a-base-de-plantes\/\"]}]},{\"@type\":\"BreadcrumbList\",\"@id\":\"https:\/\/globalplantbased.com\/fr\/news\/les-benefices-dune-alimentation-a-base-de-plantes\/#breadcrumb\",\"itemListElement\":[{\"@type\":\"ListItem\",\"position\":1,\"name\":\"Home\",\"item\":\"https:\/\/globalplantbased.com\/fr\/\"},{\"@type\":\"ListItem\",\"position\":2,\"name\":\"NOUVELLES\",\"item\":\"https:\/\/globalplantbased.com\/fr\/news\/\"},{\"@type\":\"ListItem\",\"position\":3,\"name\":\"Les b\u00e9n\u00e9fices d&rsquo;une alimentation \u00e0 base de plantes\"}]},{\"@type\":\"WebSite\",\"@id\":\"https:\/\/globalplantbased.com\/#website\",\"url\":\"https:\/\/globalplantbased.com\/\",\"name\":\"Global Plant Based\",\"description\":\"\",\"publisher\":{\"@id\":\"https:\/\/globalplantbased.com\/#organization\"},\"potentialAction\":[{\"@type\":\"SearchAction\",\"target\":{\"@type\":\"EntryPoint\",\"urlTemplate\":\"https:\/\/globalplantbased.com\/?s={search_term_string}\"},\"query-input\":{\"@type\":\"PropertyValueSpecification\",\"valueRequired\":true,\"valueName\":\"search_term_string\"}}],\"inLanguage\":\"fr-FR\"},{\"@type\":\"Organization\",\"@id\":\"https:\/\/globalplantbased.com\/#organization\",\"name\":\"GLOBAL PLANT BASED CERTIFIED\",\"url\":\"https:\/\/globalplantbased.com\/\",\"logo\":{\"@type\":\"ImageObject\",\"inLanguage\":\"fr-FR\",\"@id\":\"https:\/\/globalplantbased.com\/#\/schema\/logo\/image\/\",\"url\":\"https:\/\/globalplantbased.com\/wp-content\/uploads\/2019\/06\/logo1282.png\",\"contentUrl\":\"https:\/\/globalplantbased.com\/wp-content\/uploads\/2019\/06\/logo1282.png\",\"width\":1000,\"height\":994,\"caption\":\"GLOBAL PLANT BASED CERTIFIED\"},\"image\":{\"@id\":\"https:\/\/globalplantbased.com\/#\/schema\/logo\/image\/\"}}]}<\/script>\n<!-- \/ Yoast SEO plugin. -->","yoast_head_json":{"title":"Les b\u00e9n\u00e9fices d'une alimentation \u00e0 base de plantes - Global Plant Based","robots":{"index":"index","follow":"follow","max-snippet":"max-snippet:-1","max-image-preview":"max-image-preview:large","max-video-preview":"max-video-preview:-1"},"canonical":"https:\/\/globalplantbased.com\/fr\/news\/les-benefices-dune-alimentation-a-base-de-plantes\/","og_locale":"fr_FR","og_type":"article","og_title":"Les b\u00e9n\u00e9fices d'une alimentation \u00e0 base de plantes - Global Plant Based","og_url":"https:\/\/globalplantbased.com\/fr\/news\/les-benefices-dune-alimentation-a-base-de-plantes\/","og_site_name":"Global Plant Based","article_modified_time":"2021-01-25T14:57:44+00:00","twitter_card":"summary_large_image","twitter_misc":{"Dur\u00e9e de lecture estim\u00e9e":"6 minutes"},"schema":{"@context":"https:\/\/schema.org","@graph":[{"@type":"WebPage","@id":"https:\/\/globalplantbased.com\/fr\/news\/les-benefices-dune-alimentation-a-base-de-plantes\/","url":"https:\/\/globalplantbased.com\/fr\/news\/les-benefices-dune-alimentation-a-base-de-plantes\/","name":"Les b\u00e9n\u00e9fices d'une alimentation \u00e0 base de plantes - Global Plant Based","isPartOf":{"@id":"https:\/\/globalplantbased.com\/#website"},"datePublished":"2021-01-11T21:11:23+00:00","dateModified":"2021-01-25T14:57:44+00:00","breadcrumb":{"@id":"https:\/\/globalplantbased.com\/fr\/news\/les-benefices-dune-alimentation-a-base-de-plantes\/#breadcrumb"},"inLanguage":"fr-FR","potentialAction":[{"@type":"ReadAction","target":["https:\/\/globalplantbased.com\/fr\/news\/les-benefices-dune-alimentation-a-base-de-plantes\/"]}]},{"@type":"BreadcrumbList","@id":"https:\/\/globalplantbased.com\/fr\/news\/les-benefices-dune-alimentation-a-base-de-plantes\/#breadcrumb","itemListElement":[{"@type":"ListItem","position":1,"name":"Home","item":"https:\/\/globalplantbased.com\/fr\/"},{"@type":"ListItem","position":2,"name":"NOUVELLES","item":"https:\/\/globalplantbased.com\/fr\/news\/"},{"@type":"ListItem","position":3,"name":"Les b\u00e9n\u00e9fices d&rsquo;une alimentation \u00e0 base de plantes"}]},{"@type":"WebSite","@id":"https:\/\/globalplantbased.com\/#website","url":"https:\/\/globalplantbased.com\/","name":"Global Plant Based","description":"","publisher":{"@id":"https:\/\/globalplantbased.com\/#organization"},"potentialAction":[{"@type":"SearchAction","target":{"@type":"EntryPoint","urlTemplate":"https:\/\/globalplantbased.com\/?s={search_term_string}"},"query-input":{"@type":"PropertyValueSpecification","valueRequired":true,"valueName":"search_term_string"}}],"inLanguage":"fr-FR"},{"@type":"Organization","@id":"https:\/\/globalplantbased.com\/#organization","name":"GLOBAL PLANT BASED CERTIFIED","url":"https:\/\/globalplantbased.com\/","logo":{"@type":"ImageObject","inLanguage":"fr-FR","@id":"https:\/\/globalplantbased.com\/#\/schema\/logo\/image\/","url":"https:\/\/globalplantbased.com\/wp-content\/uploads\/2019\/06\/logo1282.png","contentUrl":"https:\/\/globalplantbased.com\/wp-content\/uploads\/2019\/06\/logo1282.png","width":1000,"height":994,"caption":"GLOBAL PLANT BASED CERTIFIED"},"image":{"@id":"https:\/\/globalplantbased.com\/#\/schema\/logo\/image\/"}}]}},"_links":{"self":[{"href":"https:\/\/globalplantbased.com\/fr\/wp-json\/wp\/v2\/pages\/1313","targetHints":{"allow":["GET"]}}],"collection":[{"href":"https:\/\/globalplantbased.com\/fr\/wp-json\/wp\/v2\/pages"}],"about":[{"href":"https:\/\/globalplantbased.com\/fr\/wp-json\/wp\/v2\/types\/page"}],"author":[{"embeddable":true,"href":"https:\/\/globalplantbased.com\/fr\/wp-json\/wp\/v2\/users\/1"}],"replies":[{"embeddable":true,"href":"https:\/\/globalplantbased.com\/fr\/wp-json\/wp\/v2\/comments?post=1313"}],"version-history":[{"count":2,"href":"https:\/\/globalplantbased.com\/fr\/wp-json\/wp\/v2\/pages\/1313\/revisions"}],"predecessor-version":[{"id":1362,"href":"https:\/\/globalplantbased.com\/fr\/wp-json\/wp\/v2\/pages\/1313\/revisions\/1362"}],"up":[{"embeddable":true,"href":"https:\/\/globalplantbased.com\/fr\/wp-json\/wp\/v2\/pages\/1081"}],"wp:attachment":[{"href":"https:\/\/globalplantbased.com\/fr\/wp-json\/wp\/v2\/media?parent=1313"}],"curies":[{"name":"wp","href":"https:\/\/api.w.org\/{rel}","templated":true}]}}