{"id":955,"date":"2019-06-24T10:11:55","date_gmt":"2019-06-24T17:11:55","guid":{"rendered":"https:\/\/globalplantbased.com\/?page_id=955"},"modified":"2023-08-31T10:50:40","modified_gmt":"2023-08-31T17:50:40","slug":"consumers","status":"publish","type":"page","link":"https:\/\/globalplantbased.com\/fr\/consumers\/","title":{"rendered":"Consommateurs"},"content":{"rendered":"<p><div class=\"fusion-fullwidth fullwidth-box fusion-builder-row-1 has-pattern-background has-mask-background fusion-parallax-none nonhundred-percent-fullwidth hundred-percent-height hundred-percent-height-center-content non-hundred-percent-height-scrolling\" style=\"--awb-border-radius-top-left:0px;--awb-border-radius-top-right:0px;--awb-border-radius-bottom-right:0px;--awb-border-radius-bottom-left:0px;--awb-padding-top:40px;--awb-padding-bottom:180px;--awb-background-image:url(&quot;https:\/\/globalplantbased.com\/wp-content\/uploads\/2023\/08\/consumer-header-1.jpg&quot;);--awb-background-size:cover;--awb-flex-wrap:wrap;\" ><div class=\"fusion-fullwidth-center-content\"><div class=\"fusion-builder-row fusion-row\"><div class=\"fusion-layout-column fusion_builder_column fusion-builder-column-0 fusion_builder_column_1_1 1_1 fusion-one-full fusion-column-first fusion-column-last\" style=\"--awb-padding-top:80px;--awb-padding-bottom:80px;--awb-bg-size:cover;\"><div class=\"fusion-column-wrapper fusion-column-has-shadow fusion-flex-column-wrapper-legacy\"><div class=\"fusion-clearfix\"><\/div><\/div><\/div><\/div><\/div><\/div><div class=\"fusion-fullwidth fullwidth-box fusion-builder-row-2 nonhundred-percent-fullwidth non-hundred-percent-height-scrolling\" style=\"--awb-background-position:left top;--awb-border-sizes-top:0px;--awb-border-sizes-bottom:0px;--awb-border-sizes-left:0px;--awb-border-sizes-right:0px;--awb-border-radius-top-left:0px;--awb-border-radius-top-right:0px;--awb-border-radius-bottom-right:0px;--awb-border-radius-bottom-left:0px;--awb-padding-top:110px;--awb-padding-bottom:110px;--awb-background-color:#ffffff;--awb-flex-wrap:wrap;\" ><div class=\"fusion-builder-row fusion-row\"><div class=\"fusion-layout-column fusion_builder_column fusion-builder-column-1 fusion_builder_column_1_2 1_2 fusion-one-half fusion-column-first\" style=\"--awb-bg-color:#ffffff;--awb-bg-color-hover:#ffffff;--awb-bg-size:cover;width:48%; margin-right: 4%;\"><div class=\"fusion-column-wrapper fusion-column-has-shadow fusion-flex-column-wrapper-legacy\"><div class=\"fusion-text fusion-text-1\"><h2>Pourquoi rechercher la certification v\u00e9g\u00e9tale?<\/h2>\n<h3>La sant\u00e9, les droits des animaux, le souci de l\u2019environnement, les restrictions alimentaires, v\u00e9g\u00e9tarisme, v\u00e9g\u00e9talisme.<\/h3>\n<\/div><div class=\"fusion-sep-clear\"><\/div><div class=\"fusion-separator fusion-full-width-sep\" style=\"margin-left: auto;margin-right: auto;margin-top:15px;width:100%;\"><\/div><div class=\"fusion-sep-clear\"><\/div><div class=\"fusion-text fusion-text-2\"><p>Un nombre croissant de personnes recherchent des aliments \u00e0 base de plantes comme base de leur alimentation. Les entreprises en sont conscientes et c&rsquo;est pourquoi un plus grand nombre de produits sont commercialis\u00e9s de mani\u00e8re \u00e0 r\u00e9pondre aux besoins de ceux qui recherchent un r\u00e9gime \u00e0 base de plantes ou v\u00e9g\u00e9talien.<\/p>\n<p>Les entreprises peuvent toutefois d\u00e9clarer que leurs produits sont \u00ab\u00a0enti\u00e8rement naturels\u00a0\u00bb ou \u00ab\u00a0sans produits laitiers\u00a0\u00bb ou une foule d&rsquo;autres termes sans pour autant \u00eatre totalement exempts d&rsquo;ingr\u00e9dients d&rsquo;origine animale. En fait, en dessous d&rsquo;une certaine quantit\u00e9, certains produits ne sont pas tenus de figurer sur la liste des ingr\u00e9dients. D&rsquo;autres ingr\u00e9dients de sous-produits animaux ont des noms qui masquent leur origine r\u00e9elle.<\/p>\n<p>Lorsqu&rsquo;un produit est marqu\u00e9 \u00ab\u00a0Global Plant Based Certified\u00a0\u00bb, cela signifie que le produit a non seulement prouv\u00e9 que tous ses ingr\u00e9dients sont d&rsquo;origine v\u00e9g\u00e9tale, mais aussi que l&rsquo;entreprise est en communication constante avec notre organisme. En outre, les entreprises portant la certification Global Plant Based Certified acceptent d\u2019effectuer des inspections qui garantissent qu&rsquo;aucun raccourci n&rsquo;est pris et que les produits restent 100 % \u00e0 base de plantes.<\/p>\n<\/div><div class=\"fusion-clearfix\"><\/div><\/div><\/div><div class=\"fusion-layout-column fusion_builder_column fusion-builder-column-2 fusion_builder_column_1_2 1_2 fusion-one-half fusion-column-last\" style=\"--awb-bg-size:cover;width:48%;\"><div class=\"fusion-column-wrapper fusion-flex-column-wrapper-legacy\"><div class=\"fusion-image-element in-legacy-container\" style=\"--awb-caption-title-font-family:var(--h2_typography-font-family);--awb-caption-title-font-weight:var(--h2_typography-font-weight);--awb-caption-title-font-style:var(--h2_typography-font-style);--awb-caption-title-size:var(--h2_typography-font-size);--awb-caption-title-transform:var(--h2_typography-text-transform);--awb-caption-title-line-height:var(--h2_typography-line-height);--awb-caption-title-letter-spacing:var(--h2_typography-letter-spacing);\"><span class=\" fusion-imageframe imageframe-none imageframe-1 hover-type-none\"><img decoding=\"async\" width=\"600\" height=\"708\" title=\"consumer-content\" src=\"https:\/\/globalplantbased.com\/wp-content\/uploads\/2019\/06\/consumer-content-1.jpg\" alt class=\"img-responsive wp-image-900\" srcset=\"https:\/\/globalplantbased.com\/wp-content\/uploads\/2019\/06\/consumer-content-1-200x236.jpg 200w, https:\/\/globalplantbased.com\/wp-content\/uploads\/2019\/06\/consumer-content-1-400x472.jpg 400w, https:\/\/globalplantbased.com\/wp-content\/uploads\/2019\/06\/consumer-content-1.jpg 600w\" sizes=\"(max-width: 1125px) 100vw, 600px\" \/><\/span><\/div><div class=\"fusion-clearfix\"><\/div><\/div><\/div><\/div><\/div><div class=\"fusion-bg-parallax\" data-bg-align=\"center center\" data-direction=\"up\" data-mute=\"false\" data-opacity=\"100\" data-velocity=\"-0.2\" data-mobile-enabled=\"false\" data-break_parents=\"0\" data-bg-image=\"https:\/\/globalplantbased.com\/wp-content\/uploads\/2021\/01\/consumer-difference.jpg\" data-bg-repeat=\"false\" ><\/div><div class=\"fusion-fullwidth fullwidth-box fusion-builder-row-3 fusion-parallax-up nonhundred-percent-fullwidth non-hundred-percent-height-scrolling\" style=\"--awb-border-sizes-top:0px;--awb-border-sizes-bottom:0px;--awb-border-sizes-left:0px;--awb-border-sizes-right:0px;--awb-border-radius-top-left:0px;--awb-border-radius-top-right:0px;--awb-border-radius-bottom-right:0px;--awb-border-radius-bottom-left:0px;--awb-padding-top:200px;--awb-padding-bottom:200px;--awb-background-image:url(&quot;https:\/\/globalplantbased.com\/wp-content\/uploads\/2021\/01\/consumer-difference.jpg&quot;);--awb-background-size:cover;--awb-flex-wrap:wrap;\" ><div class=\"fusion-builder-row fusion-row\"><div class=\"fusion-layout-column fusion_builder_column fusion-builder-column-3 fusion_builder_column_2_3 2_3 fusion-two-third fusion-column-first\" style=\"--awb-bg-size:cover;width:65.3333%; margin-right: 4%;\"><div class=\"fusion-column-wrapper fusion-flex-column-wrapper-legacy\"><div class=\"fusion-text fusion-text-3\"><h2 style=\"color: #ffffff;\">Quelle est la diff\u00e9rence entre \u00ab \u00e0 base de plantes \u00bb et \u00ab v\u00e9g\u00e9talien \u00bb?<\/h2>\n<p style=\"color: #ffffff;\">Un r\u00e9gime alimentaire \u00e0 base de plantes est compos\u00e9 principalement d\u2019aliments d\u00e9riv\u00e9s de plantes, ce qui inclut les l\u00e9gumes, les grains entiers, les l\u00e9gumineuses, les fruits et les noix. Les personnes qui suivent un r\u00e9gime alimentaire \u00e0 base de plantes ne sont pas cens\u00e9es \u00e9liminer tous les produits animaux, mais plut\u00f4t centrer leur alimentation sur un plus grand nombre d\u2019aliments d\u2019origine v\u00e9g\u00e9tale. Le terme \u00ab \u00e0 base de plantes \u00bb s\u2019adresse \u00e0 un public plus large qui fait des choix alimentaires pour des raisons tr\u00e8s diverses. Un r\u00e9gime v\u00e9g\u00e9talien est similaire, mais la personne s\u2019abstient de manger tout produit animal et adopte un choix de vie sp\u00e9cifique et est pr\u00e9sum\u00e9 \u00eatre li\u00e9 \u00e0 un ensemble sp\u00e9cifique de croyances.<\/p>\n<\/div><div class=\"fusion-sep-clear\"><\/div><div class=\"fusion-separator fusion-full-width-sep\" style=\"margin-left: auto;margin-right: auto;margin-top:20px;width:100%;\"><\/div><div class=\"fusion-sep-clear\"><\/div><div class=\"fusion-clearfix\"><\/div><\/div><\/div><\/div><\/div><\/p>\n","protected":false},"excerpt":{"rendered":"","protected":false},"author":1,"featured_media":0,"parent":0,"menu_order":0,"comment_status":"closed","ping_status":"open","template":"100-width.php","meta":{"footnotes":""},"class_list":["post-955","page","type-page","status-publish","hentry"],"yoast_head":"<!-- This site is optimized with the Yoast SEO plugin v26.7 - https:\/\/yoast.com\/wordpress\/plugins\/seo\/ -->\n<title>Consommateurs - Global Plant Based<\/title>\n<meta name=\"robots\" content=\"index, follow, max-snippet:-1, max-image-preview:large, max-video-preview:-1\" \/>\n<link rel=\"canonical\" href=\"https:\/\/globalplantbased.com\/fr\/consumers\/\" \/>\n<meta property=\"og:locale\" content=\"fr_FR\" \/>\n<meta property=\"og:type\" content=\"article\" \/>\n<meta property=\"og:title\" content=\"Consommateurs - Global Plant Based\" \/>\n<meta property=\"og:url\" content=\"https:\/\/globalplantbased.com\/fr\/consumers\/\" \/>\n<meta property=\"og:site_name\" content=\"Global Plant Based\" \/>\n<meta property=\"article:modified_time\" content=\"2023-08-31T17:50:40+00:00\" \/>\n<meta name=\"twitter:card\" content=\"summary_large_image\" \/>\n<meta name=\"twitter:label1\" content=\"Dur\u00e9e de lecture estim\u00e9e\" \/>\n\t<meta name=\"twitter:data1\" content=\"8 minutes\" \/>\n<script type=\"application\/ld+json\" class=\"yoast-schema-graph\">{\"@context\":\"https:\/\/schema.org\",\"@graph\":[{\"@type\":\"WebPage\",\"@id\":\"https:\/\/globalplantbased.com\/fr\/consumers\/\",\"url\":\"https:\/\/globalplantbased.com\/fr\/consumers\/\",\"name\":\"Consommateurs - Global Plant Based\",\"isPartOf\":{\"@id\":\"https:\/\/globalplantbased.com\/#website\"},\"datePublished\":\"2019-06-24T17:11:55+00:00\",\"dateModified\":\"2023-08-31T17:50:40+00:00\",\"breadcrumb\":{\"@id\":\"https:\/\/globalplantbased.com\/fr\/consumers\/#breadcrumb\"},\"inLanguage\":\"fr-FR\",\"potentialAction\":[{\"@type\":\"ReadAction\",\"target\":[\"https:\/\/globalplantbased.com\/fr\/consumers\/\"]}]},{\"@type\":\"BreadcrumbList\",\"@id\":\"https:\/\/globalplantbased.com\/fr\/consumers\/#breadcrumb\",\"itemListElement\":[{\"@type\":\"ListItem\",\"position\":1,\"name\":\"Home\",\"item\":\"https:\/\/globalplantbased.com\/fr\/\"},{\"@type\":\"ListItem\",\"position\":2,\"name\":\"Consommateurs\"}]},{\"@type\":\"WebSite\",\"@id\":\"https:\/\/globalplantbased.com\/#website\",\"url\":\"https:\/\/globalplantbased.com\/\",\"name\":\"Global Plant Based\",\"description\":\"\",\"publisher\":{\"@id\":\"https:\/\/globalplantbased.com\/#organization\"},\"potentialAction\":[{\"@type\":\"SearchAction\",\"target\":{\"@type\":\"EntryPoint\",\"urlTemplate\":\"https:\/\/globalplantbased.com\/?s={search_term_string}\"},\"query-input\":{\"@type\":\"PropertyValueSpecification\",\"valueRequired\":true,\"valueName\":\"search_term_string\"}}],\"inLanguage\":\"fr-FR\"},{\"@type\":\"Organization\",\"@id\":\"https:\/\/globalplantbased.com\/#organization\",\"name\":\"GLOBAL PLANT BASED CERTIFIED\",\"url\":\"https:\/\/globalplantbased.com\/\",\"logo\":{\"@type\":\"ImageObject\",\"inLanguage\":\"fr-FR\",\"@id\":\"https:\/\/globalplantbased.com\/#\/schema\/logo\/image\/\",\"url\":\"https:\/\/globalplantbased.com\/wp-content\/uploads\/2019\/06\/logo1282.png\",\"contentUrl\":\"https:\/\/globalplantbased.com\/wp-content\/uploads\/2019\/06\/logo1282.png\",\"width\":1000,\"height\":994,\"caption\":\"GLOBAL PLANT BASED CERTIFIED\"},\"image\":{\"@id\":\"https:\/\/globalplantbased.com\/#\/schema\/logo\/image\/\"}}]}<\/script>\n<!-- \/ Yoast SEO plugin. -->","yoast_head_json":{"title":"Consommateurs - Global Plant Based","robots":{"index":"index","follow":"follow","max-snippet":"max-snippet:-1","max-image-preview":"max-image-preview:large","max-video-preview":"max-video-preview:-1"},"canonical":"https:\/\/globalplantbased.com\/fr\/consumers\/","og_locale":"fr_FR","og_type":"article","og_title":"Consommateurs - Global Plant Based","og_url":"https:\/\/globalplantbased.com\/fr\/consumers\/","og_site_name":"Global Plant Based","article_modified_time":"2023-08-31T17:50:40+00:00","twitter_card":"summary_large_image","twitter_misc":{"Dur\u00e9e de lecture estim\u00e9e":"8 minutes"},"schema":{"@context":"https:\/\/schema.org","@graph":[{"@type":"WebPage","@id":"https:\/\/globalplantbased.com\/fr\/consumers\/","url":"https:\/\/globalplantbased.com\/fr\/consumers\/","name":"Consommateurs - Global Plant Based","isPartOf":{"@id":"https:\/\/globalplantbased.com\/#website"},"datePublished":"2019-06-24T17:11:55+00:00","dateModified":"2023-08-31T17:50:40+00:00","breadcrumb":{"@id":"https:\/\/globalplantbased.com\/fr\/consumers\/#breadcrumb"},"inLanguage":"fr-FR","potentialAction":[{"@type":"ReadAction","target":["https:\/\/globalplantbased.com\/fr\/consumers\/"]}]},{"@type":"BreadcrumbList","@id":"https:\/\/globalplantbased.com\/fr\/consumers\/#breadcrumb","itemListElement":[{"@type":"ListItem","position":1,"name":"Home","item":"https:\/\/globalplantbased.com\/fr\/"},{"@type":"ListItem","position":2,"name":"Consommateurs"}]},{"@type":"WebSite","@id":"https:\/\/globalplantbased.com\/#website","url":"https:\/\/globalplantbased.com\/","name":"Global Plant Based","description":"","publisher":{"@id":"https:\/\/globalplantbased.com\/#organization"},"potentialAction":[{"@type":"SearchAction","target":{"@type":"EntryPoint","urlTemplate":"https:\/\/globalplantbased.com\/?s={search_term_string}"},"query-input":{"@type":"PropertyValueSpecification","valueRequired":true,"valueName":"search_term_string"}}],"inLanguage":"fr-FR"},{"@type":"Organization","@id":"https:\/\/globalplantbased.com\/#organization","name":"GLOBAL PLANT BASED CERTIFIED","url":"https:\/\/globalplantbased.com\/","logo":{"@type":"ImageObject","inLanguage":"fr-FR","@id":"https:\/\/globalplantbased.com\/#\/schema\/logo\/image\/","url":"https:\/\/globalplantbased.com\/wp-content\/uploads\/2019\/06\/logo1282.png","contentUrl":"https:\/\/globalplantbased.com\/wp-content\/uploads\/2019\/06\/logo1282.png","width":1000,"height":994,"caption":"GLOBAL PLANT BASED CERTIFIED"},"image":{"@id":"https:\/\/globalplantbased.com\/#\/schema\/logo\/image\/"}}]}},"_links":{"self":[{"href":"https:\/\/globalplantbased.com\/fr\/wp-json\/wp\/v2\/pages\/955","targetHints":{"allow":["GET"]}}],"collection":[{"href":"https:\/\/globalplantbased.com\/fr\/wp-json\/wp\/v2\/pages"}],"about":[{"href":"https:\/\/globalplantbased.com\/fr\/wp-json\/wp\/v2\/types\/page"}],"author":[{"embeddable":true,"href":"https:\/\/globalplantbased.com\/fr\/wp-json\/wp\/v2\/users\/1"}],"replies":[{"embeddable":true,"href":"https:\/\/globalplantbased.com\/fr\/wp-json\/wp\/v2\/comments?post=955"}],"version-history":[{"count":10,"href":"https:\/\/globalplantbased.com\/fr\/wp-json\/wp\/v2\/pages\/955\/revisions"}],"predecessor-version":[{"id":1636,"href":"https:\/\/globalplantbased.com\/fr\/wp-json\/wp\/v2\/pages\/955\/revisions\/1636"}],"wp:attachment":[{"href":"https:\/\/globalplantbased.com\/fr\/wp-json\/wp\/v2\/media?parent=955"}],"curies":[{"name":"wp","href":"https:\/\/api.w.org\/{rel}","templated":true}]}}