{"id":957,"date":"2019-06-24T09:55:56","date_gmt":"2019-06-24T16:55:56","guid":{"rendered":"https:\/\/globalplantbased.com\/?page_id=957"},"modified":"2023-08-22T06:30:36","modified_gmt":"2023-08-22T13:30:36","slug":"get-certified","status":"publish","type":"page","link":"https:\/\/globalplantbased.com\/fr\/get-certified\/","title":{"rendered":"Obtenez une certification"},"content":{"rendered":"<p><div class=\"fusion-fullwidth fullwidth-box fusion-builder-row-1 has-pattern-background has-mask-background fusion-parallax-none hundred-percent-fullwidth hundred-percent-height hundred-percent-height-center-content non-hundred-percent-height-scrolling\" style=\"--awb-border-radius-top-left:0px;--awb-border-radius-top-right:0px;--awb-border-radius-bottom-right:0px;--awb-border-radius-bottom-left:0px;--awb-padding-top:40px;--awb-padding-bottom:180px;--awb-background-image:url(&quot;https:\/\/globalplantbased.com\/wp-content\/uploads\/2023\/08\/get-certified-header.jpg&quot;);--awb-background-size:cover;--awb-flex-wrap:wrap;\" ><div class=\"fusion-fullwidth-center-content\"><div class=\"fusion-builder-row fusion-row\"><div class=\"fusion-layout-column fusion_builder_column fusion-builder-column-0 fusion_builder_column_1_1 1_1 fusion-one-full fusion-column-first fusion-column-last\" style=\"--awb-padding-top:80px;--awb-padding-bottom:80px;--awb-bg-size:cover;\"><div class=\"fusion-column-wrapper fusion-column-has-shadow fusion-flex-column-wrapper-legacy\"><div class=\"fusion-column-content-centered\"><div class=\"fusion-column-content\"><\/div><\/div><div class=\"fusion-clearfix\"><\/div><\/div><\/div><\/div><\/div><\/div><div class=\"fusion-fullwidth fullwidth-box fusion-builder-row-2 nonhundred-percent-fullwidth non-hundred-percent-height-scrolling\" style=\"--awb-background-position:right top;--awb-border-sizes-top:0px;--awb-border-sizes-bottom:0px;--awb-border-sizes-left:0px;--awb-border-sizes-right:0px;--awb-border-radius-top-left:0px;--awb-border-radius-top-right:0px;--awb-border-radius-bottom-right:0px;--awb-border-radius-bottom-left:0px;--awb-padding-top:110px;--awb-padding-bottom:20px;--awb-background-color:#ffffff;--awb-flex-wrap:wrap;\" ><div class=\"fusion-builder-row fusion-row\"><div class=\"fusion-layout-column fusion_builder_column fusion-builder-column-1 fusion_builder_column_1_2 1_2 fusion-one-half fusion-column-first\" style=\"--awb-bg-color:#ffffff;--awb-bg-color-hover:#ffffff;--awb-bg-size:cover;width:48%; margin-right: 4%;\"><div class=\"fusion-column-wrapper fusion-column-has-shadow fusion-flex-column-wrapper-legacy\"><div class=\"fusion-text fusion-text-1\"><h2>Comment obtenir la certification<\/h2>\n<h3 class=\"p1\"><span class=\"s1\">La certification v\u00e9g\u00e9tale Global Plant Based commence par une demande en ligne.<\/span><\/h3>\n<\/div><div class=\"fusion-sep-clear\"><\/div><div class=\"fusion-separator fusion-full-width-sep\" style=\"margin-left: auto;margin-right: auto;margin-top:15px;width:100%;\"><\/div><div class=\"fusion-sep-clear\"><\/div><div class=\"fusion-text fusion-text-2\"><p>Le processus de demande exige une liste compl\u00e8te d\u2019ingr\u00e9dients et de fabricants pour les produits que vous d\u00e9sirez certifier.<\/p>\n<p>Apr\u00e8s examen de la demande et l\u2019acceptation pour la certification, un contrat sera sign\u00e9 et vous aurez acc\u00e8s au logo Global Plant Based Certified. Dans le cadre du contrat, un syst\u00e8me d&rsquo;inspection sera mis en place dans votre entreprise.<\/p>\n<p>1. Pr\u00e9senter une demande de certification : Remplissez et soumettez votre demande en ligne en cliquant ici. Le formulaire de demande comprend des informations sur votre entreprise, l\u2019usine, les produits et les ingr\u00e9dients utilis\u00e9s. Veuillez noter que tous les champs doivent \u00eatre remplis. Une fois que vous aurez envoy\u00e9 votre demande, vous recevrez un appel d&rsquo;un de nos repr\u00e9sentants sympathiques qui vous aidera tout au long du processus. Si vous avez des questions ou si vous pr\u00e9f\u00e9rez parler \u00e0 l&rsquo;un de nos sp\u00e9cialistes avant de remplir le formulaire, n&rsquo;h\u00e9sitez pas \u00e0 nous contacter par t\u00e9l\u00e9phone au 1-833-68-PLANT (35268) ou \u00e0 l&rsquo;adresse info@globalplantbased.com.<\/p>\n<p>2. Veuillez soumettre tous les ingr\u00e9dients utilis\u00e9s dans la fabrication de tous les produits fabriqu\u00e9s dans votre entreprise. Si vous avez besoin d&rsquo;aide, appelez nos bureaux au 1-833-68-PLANT (35268)<\/p>\n<p>3. Apr\u00e8s r\u00e9ception de votre demande, et lorsque tous les ingr\u00e9dients auront \u00e9t\u00e9 approuv\u00e9s comme \u00e9tant d&rsquo;origine v\u00e9g\u00e9tale, une inspection de vos installations de production sera effectu\u00e9e. Les proc\u00e9dures requises, le cas \u00e9ch\u00e9ant, pour certifier vos installations seront d\u00e9taill\u00e9es \u00e0 ce moment.<\/p>\n<p>4. La prochaine \u00e9tape consiste \u00e0 conclure un contrat avec GLOBAL PLANT BASED CERTIFIER qui vous autorisera \u00e0 utiliser sa marque de commerce sur vos produits.<\/p>\n<p>5. F\u00c9LICITATIONS, vos produits ont maintenant la certification v\u00e9g\u00e9tale et vous pouvez commencer votre campagne de publicit\u00e9.<\/p>\n<\/div><div class=\"fusion-button-wrapper\"><a class=\"fusion-button button-flat fusion-button-default-size button-default fusion-button-default button-1 fusion-button-default-span fusion-button-default-type btn-green-background\" target=\"_self\" href=\"https:\/\/globalplantbased.com\/fr\/get-certified-application\/\"><span class=\"fusion-button-text awb-button__text awb-button__text--default\">Obtenez une certification<\/span><\/a><\/div><div class=\"fusion-clearfix\"><\/div><\/div><\/div><div class=\"fusion-layout-column fusion_builder_column fusion-builder-column-2 fusion_builder_column_1_2 1_2 fusion-one-half fusion-column-last\" style=\"--awb-bg-size:cover;width:48%;\"><div class=\"fusion-column-wrapper fusion-flex-column-wrapper-legacy\"><div class=\"fusion-image-element in-legacy-container\" style=\"--awb-caption-title-font-family:var(--h2_typography-font-family);--awb-caption-title-font-weight:var(--h2_typography-font-weight);--awb-caption-title-font-style:var(--h2_typography-font-style);--awb-caption-title-size:var(--h2_typography-font-size);--awb-caption-title-transform:var(--h2_typography-text-transform);--awb-caption-title-line-height:var(--h2_typography-line-height);--awb-caption-title-letter-spacing:var(--h2_typography-letter-spacing);\"><span class=\" fusion-imageframe imageframe-none imageframe-1 hover-type-none\"><img decoding=\"async\" width=\"1200\" height=\"738\" title=\"get-certified-content\" src=\"https:\/\/globalplantbased.com\/wp-content\/uploads\/2023\/08\/get-certified-content.jpg\" alt class=\"img-responsive wp-image-1614\" srcset=\"https:\/\/globalplantbased.com\/wp-content\/uploads\/2023\/08\/get-certified-content-200x123.jpg 200w, https:\/\/globalplantbased.com\/wp-content\/uploads\/2023\/08\/get-certified-content-400x246.jpg 400w, https:\/\/globalplantbased.com\/wp-content\/uploads\/2023\/08\/get-certified-content-600x369.jpg 600w, https:\/\/globalplantbased.com\/wp-content\/uploads\/2023\/08\/get-certified-content-800x492.jpg 800w, https:\/\/globalplantbased.com\/wp-content\/uploads\/2023\/08\/get-certified-content.jpg 1200w\" sizes=\"(max-width: 1125px) 100vw, 600px\" \/><\/span><\/div><div class=\"fusion-clearfix\"><\/div><\/div><\/div><\/div><\/div><div class=\"fusion-fullwidth fullwidth-box fusion-builder-row-3 nonhundred-percent-fullwidth non-hundred-percent-height-scrolling\" style=\"--awb-border-radius-top-left:0px;--awb-border-radius-top-right:0px;--awb-border-radius-bottom-right:0px;--awb-border-radius-bottom-left:0px;--awb-flex-wrap:wrap;\" ><div class=\"fusion-builder-row fusion-row\"><div class=\"fusion-layout-column fusion_builder_column fusion-builder-column-3 fusion_builder_column_1_2 1_2 fusion-one-half fusion-column-first\" style=\"--awb-bg-size:cover;width:50%;width:calc(50% - ( ( 4% ) * 0.5 ) );margin-right: 4%;\"><div class=\"fusion-column-wrapper fusion-column-has-shadow fusion-flex-column-wrapper-legacy\"><div class=\"fusion-text fusion-text-3\"><h2 class=\"text_green\">Contactez Nos Experts<\/h2>\n<\/div><div class=\"fusion-sep-clear\"><\/div><div class=\"fusion-separator fusion-full-width-sep\" style=\"margin-left: auto;margin-right: auto;width:100%;\"><\/div><div class=\"fusion-sep-clear\"><\/div><div class=\"fusion-button-wrapper\"><a class=\"fusion-button button-flat fusion-button-default-size button-default fusion-button-default button-2 fusion-button-default-span fusion-button-default-type btn-green-background\" target=\"_self\" href=\"tel:18336835268\" id=\"btn-call-us\"><span class=\"fusion-button-text awb-button__text awb-button__text--default\">APPELEZ NOUS<\/span><\/a><\/div><div class=\"fusion-button-wrapper\"><a class=\"fusion-button button-flat fusion-button-default-size button-default fusion-button-default button-3 fusion-button-default-span fusion-button-default-type btn-green-background\" target=\"_self\" href=\"mailto:info@globalplantbased.com\"><span class=\"fusion-button-text awb-button__text awb-button__text--default\">ENVOYER UN E-MAIL<\/span><\/a><\/div><div class=\"fusion-clearfix\"><\/div><\/div><\/div><div class=\"fusion-layout-column fusion_builder_column fusion-builder-column-4 fusion_builder_column_1_2 1_2 fusion-one-half fusion-column-last\" style=\"--awb-bg-size:cover;width:50%;width:calc(50% - ( ( 4% ) * 0.5 ) );\"><div class=\"fusion-column-wrapper fusion-column-has-shadow fusion-flex-column-wrapper-legacy\"><div class=\"fusion-clearfix\"><\/div><\/div><\/div><\/div><\/div><\/p>\n","protected":false},"excerpt":{"rendered":"","protected":false},"author":1,"featured_media":0,"parent":0,"menu_order":0,"comment_status":"closed","ping_status":"open","template":"100-width.php","meta":{"footnotes":""},"class_list":["post-957","page","type-page","status-publish","hentry"],"yoast_head":"<!-- This site is optimized with the Yoast SEO plugin v26.7 - https:\/\/yoast.com\/wordpress\/plugins\/seo\/ -->\n<title>Obtenez une certification - Global Plant Based<\/title>\n<meta name=\"robots\" content=\"index, follow, max-snippet:-1, max-image-preview:large, max-video-preview:-1\" \/>\n<link rel=\"canonical\" href=\"https:\/\/globalplantbased.com\/fr\/get-certified\/\" \/>\n<meta property=\"og:locale\" content=\"fr_FR\" \/>\n<meta property=\"og:type\" content=\"article\" \/>\n<meta property=\"og:title\" content=\"Obtenez une certification - Global Plant Based\" \/>\n<meta property=\"og:url\" content=\"https:\/\/globalplantbased.com\/fr\/get-certified\/\" \/>\n<meta property=\"og:site_name\" content=\"Global Plant Based\" \/>\n<meta property=\"article:modified_time\" content=\"2023-08-22T13:30:36+00:00\" \/>\n<meta name=\"twitter:card\" content=\"summary_large_image\" \/>\n<meta name=\"twitter:label1\" content=\"Dur\u00e9e de lecture estim\u00e9e\" \/>\n\t<meta name=\"twitter:data1\" content=\"11 minutes\" \/>\n<script type=\"application\/ld+json\" class=\"yoast-schema-graph\">{\"@context\":\"https:\/\/schema.org\",\"@graph\":[{\"@type\":\"WebPage\",\"@id\":\"https:\/\/globalplantbased.com\/fr\/get-certified\/\",\"url\":\"https:\/\/globalplantbased.com\/fr\/get-certified\/\",\"name\":\"Obtenez une certification - Global Plant Based\",\"isPartOf\":{\"@id\":\"https:\/\/globalplantbased.com\/#website\"},\"datePublished\":\"2019-06-24T16:55:56+00:00\",\"dateModified\":\"2023-08-22T13:30:36+00:00\",\"breadcrumb\":{\"@id\":\"https:\/\/globalplantbased.com\/fr\/get-certified\/#breadcrumb\"},\"inLanguage\":\"fr-FR\",\"potentialAction\":[{\"@type\":\"ReadAction\",\"target\":[\"https:\/\/globalplantbased.com\/fr\/get-certified\/\"]}]},{\"@type\":\"BreadcrumbList\",\"@id\":\"https:\/\/globalplantbased.com\/fr\/get-certified\/#breadcrumb\",\"itemListElement\":[{\"@type\":\"ListItem\",\"position\":1,\"name\":\"Home\",\"item\":\"https:\/\/globalplantbased.com\/fr\/\"},{\"@type\":\"ListItem\",\"position\":2,\"name\":\"Obtenez une certification\"}]},{\"@type\":\"WebSite\",\"@id\":\"https:\/\/globalplantbased.com\/#website\",\"url\":\"https:\/\/globalplantbased.com\/\",\"name\":\"Global Plant Based\",\"description\":\"\",\"publisher\":{\"@id\":\"https:\/\/globalplantbased.com\/#organization\"},\"potentialAction\":[{\"@type\":\"SearchAction\",\"target\":{\"@type\":\"EntryPoint\",\"urlTemplate\":\"https:\/\/globalplantbased.com\/?s={search_term_string}\"},\"query-input\":{\"@type\":\"PropertyValueSpecification\",\"valueRequired\":true,\"valueName\":\"search_term_string\"}}],\"inLanguage\":\"fr-FR\"},{\"@type\":\"Organization\",\"@id\":\"https:\/\/globalplantbased.com\/#organization\",\"name\":\"GLOBAL PLANT BASED CERTIFIED\",\"url\":\"https:\/\/globalplantbased.com\/\",\"logo\":{\"@type\":\"ImageObject\",\"inLanguage\":\"fr-FR\",\"@id\":\"https:\/\/globalplantbased.com\/#\/schema\/logo\/image\/\",\"url\":\"https:\/\/globalplantbased.com\/wp-content\/uploads\/2019\/06\/logo1282.png\",\"contentUrl\":\"https:\/\/globalplantbased.com\/wp-content\/uploads\/2019\/06\/logo1282.png\",\"width\":1000,\"height\":994,\"caption\":\"GLOBAL PLANT BASED CERTIFIED\"},\"image\":{\"@id\":\"https:\/\/globalplantbased.com\/#\/schema\/logo\/image\/\"}}]}<\/script>\n<!-- \/ Yoast SEO plugin. -->","yoast_head_json":{"title":"Obtenez une certification - Global Plant Based","robots":{"index":"index","follow":"follow","max-snippet":"max-snippet:-1","max-image-preview":"max-image-preview:large","max-video-preview":"max-video-preview:-1"},"canonical":"https:\/\/globalplantbased.com\/fr\/get-certified\/","og_locale":"fr_FR","og_type":"article","og_title":"Obtenez une certification - Global Plant Based","og_url":"https:\/\/globalplantbased.com\/fr\/get-certified\/","og_site_name":"Global Plant Based","article_modified_time":"2023-08-22T13:30:36+00:00","twitter_card":"summary_large_image","twitter_misc":{"Dur\u00e9e de lecture estim\u00e9e":"11 minutes"},"schema":{"@context":"https:\/\/schema.org","@graph":[{"@type":"WebPage","@id":"https:\/\/globalplantbased.com\/fr\/get-certified\/","url":"https:\/\/globalplantbased.com\/fr\/get-certified\/","name":"Obtenez une certification - Global Plant Based","isPartOf":{"@id":"https:\/\/globalplantbased.com\/#website"},"datePublished":"2019-06-24T16:55:56+00:00","dateModified":"2023-08-22T13:30:36+00:00","breadcrumb":{"@id":"https:\/\/globalplantbased.com\/fr\/get-certified\/#breadcrumb"},"inLanguage":"fr-FR","potentialAction":[{"@type":"ReadAction","target":["https:\/\/globalplantbased.com\/fr\/get-certified\/"]}]},{"@type":"BreadcrumbList","@id":"https:\/\/globalplantbased.com\/fr\/get-certified\/#breadcrumb","itemListElement":[{"@type":"ListItem","position":1,"name":"Home","item":"https:\/\/globalplantbased.com\/fr\/"},{"@type":"ListItem","position":2,"name":"Obtenez une certification"}]},{"@type":"WebSite","@id":"https:\/\/globalplantbased.com\/#website","url":"https:\/\/globalplantbased.com\/","name":"Global Plant Based","description":"","publisher":{"@id":"https:\/\/globalplantbased.com\/#organization"},"potentialAction":[{"@type":"SearchAction","target":{"@type":"EntryPoint","urlTemplate":"https:\/\/globalplantbased.com\/?s={search_term_string}"},"query-input":{"@type":"PropertyValueSpecification","valueRequired":true,"valueName":"search_term_string"}}],"inLanguage":"fr-FR"},{"@type":"Organization","@id":"https:\/\/globalplantbased.com\/#organization","name":"GLOBAL PLANT BASED CERTIFIED","url":"https:\/\/globalplantbased.com\/","logo":{"@type":"ImageObject","inLanguage":"fr-FR","@id":"https:\/\/globalplantbased.com\/#\/schema\/logo\/image\/","url":"https:\/\/globalplantbased.com\/wp-content\/uploads\/2019\/06\/logo1282.png","contentUrl":"https:\/\/globalplantbased.com\/wp-content\/uploads\/2019\/06\/logo1282.png","width":1000,"height":994,"caption":"GLOBAL PLANT BASED CERTIFIED"},"image":{"@id":"https:\/\/globalplantbased.com\/#\/schema\/logo\/image\/"}}]}},"_links":{"self":[{"href":"https:\/\/globalplantbased.com\/fr\/wp-json\/wp\/v2\/pages\/957","targetHints":{"allow":["GET"]}}],"collection":[{"href":"https:\/\/globalplantbased.com\/fr\/wp-json\/wp\/v2\/pages"}],"about":[{"href":"https:\/\/globalplantbased.com\/fr\/wp-json\/wp\/v2\/types\/page"}],"author":[{"embeddable":true,"href":"https:\/\/globalplantbased.com\/fr\/wp-json\/wp\/v2\/users\/1"}],"replies":[{"embeddable":true,"href":"https:\/\/globalplantbased.com\/fr\/wp-json\/wp\/v2\/comments?post=957"}],"version-history":[{"count":15,"href":"https:\/\/globalplantbased.com\/fr\/wp-json\/wp\/v2\/pages\/957\/revisions"}],"predecessor-version":[{"id":1621,"href":"https:\/\/globalplantbased.com\/fr\/wp-json\/wp\/v2\/pages\/957\/revisions\/1621"}],"wp:attachment":[{"href":"https:\/\/globalplantbased.com\/fr\/wp-json\/wp\/v2\/media?parent=957"}],"curies":[{"name":"wp","href":"https:\/\/api.w.org\/{rel}","templated":true}]}}