{"id":965,"date":"2019-06-24T09:58:49","date_gmt":"2019-06-24T16:58:49","guid":{"rendered":"https:\/\/globalplantbased.com\/?page_id=965"},"modified":"2023-08-21T13:20:27","modified_gmt":"2023-08-21T20:20:27","slug":"about-us","status":"publish","type":"page","link":"https:\/\/globalplantbased.com\/fr\/about-us\/","title":{"rendered":"\u00c0 propos"},"content":{"rendered":"<p><div class=\"fusion-fullwidth fullwidth-box fusion-builder-row-1 has-pattern-background has-mask-background fusion-parallax-none nonhundred-percent-fullwidth non-hundred-percent-height-scrolling\" style=\"--awb-border-radius-top-left:0px;--awb-border-radius-top-right:0px;--awb-border-radius-bottom-right:0px;--awb-border-radius-bottom-left:0px;--awb-padding-top:40px;--awb-padding-bottom:180px;--awb-background-image:url(&quot;https:\/\/globalplantbased.com\/wp-content\/uploads\/2023\/08\/about-header.jpg&quot;);--awb-background-size:cover;--awb-flex-wrap:wrap;\" ><div class=\"fusion-builder-row fusion-row\"><div class=\"fusion-layout-column fusion_builder_column fusion-builder-column-0 fusion_builder_column_1_1 1_1 fusion-one-full fusion-column-first fusion-column-last\" style=\"--awb-padding-top:80px;--awb-padding-bottom:80px;--awb-bg-size:cover;\"><div class=\"fusion-column-wrapper fusion-column-has-shadow fusion-flex-column-wrapper-legacy\"><div class=\"fusion-clearfix\"><\/div><\/div><\/div><\/div><\/div><div class=\"fusion-fullwidth fullwidth-box fusion-builder-row-2 nonhundred-percent-fullwidth non-hundred-percent-height-scrolling\" style=\"--awb-background-position:left top;--awb-border-sizes-top:0px;--awb-border-sizes-bottom:0px;--awb-border-sizes-left:0px;--awb-border-sizes-right:0px;--awb-border-radius-top-left:0px;--awb-border-radius-top-right:0px;--awb-border-radius-bottom-right:0px;--awb-border-radius-bottom-left:0px;--awb-padding-top:110px;--awb-padding-bottom:110px;--awb-flex-wrap:wrap;\" ><div class=\"fusion-builder-row fusion-row\"><div class=\"fusion-layout-column fusion_builder_column fusion-builder-column-1 fusion_builder_column_1_2 1_2 fusion-one-half fusion-column-first\" style=\"--awb-bg-size:cover;width:48%; margin-right: 4%;\"><div class=\"fusion-column-wrapper fusion-flex-column-wrapper-legacy\"><div class=\"fusion-image-element in-legacy-container\" style=\"--awb-caption-title-font-family:var(--h2_typography-font-family);--awb-caption-title-font-weight:var(--h2_typography-font-weight);--awb-caption-title-font-style:var(--h2_typography-font-style);--awb-caption-title-size:var(--h2_typography-font-size);--awb-caption-title-transform:var(--h2_typography-text-transform);--awb-caption-title-line-height:var(--h2_typography-line-height);--awb-caption-title-letter-spacing:var(--h2_typography-letter-spacing);\"><span class=\" fusion-imageframe imageframe-none imageframe-1 hover-type-none\"><img decoding=\"async\" width=\"1200\" height=\"779\" title=\"plant-1200&#215;935\" src=\"https:\/\/globalplantbased.com\/wp-content\/uploads\/2019\/06\/plant-1200x935-1.jpg\" alt class=\"img-responsive wp-image-866\" srcset=\"https:\/\/globalplantbased.com\/wp-content\/uploads\/2019\/06\/plant-1200x935-1-200x130.jpg 200w, https:\/\/globalplantbased.com\/wp-content\/uploads\/2019\/06\/plant-1200x935-1-400x260.jpg 400w, https:\/\/globalplantbased.com\/wp-content\/uploads\/2019\/06\/plant-1200x935-1-600x390.jpg 600w, https:\/\/globalplantbased.com\/wp-content\/uploads\/2019\/06\/plant-1200x935-1-800x519.jpg 800w, https:\/\/globalplantbased.com\/wp-content\/uploads\/2019\/06\/plant-1200x935-1.jpg 1200w\" sizes=\"(max-width: 1125px) 100vw, 600px\" \/><\/span><\/div><div class=\"fusion-clearfix\"><\/div><\/div><\/div><div class=\"fusion-layout-column fusion_builder_column fusion-builder-column-2 fusion_builder_column_1_2 1_2 fusion-one-half fusion-column-last\" style=\"--awb-bg-size:cover;width:48%;\"><div class=\"fusion-column-wrapper fusion-flex-column-wrapper-legacy\"><div class=\"fusion-text fusion-text-1\"><h2 class=\"title-what-about-us\"><span class=\"s1\">Que veut dire certifi\u00e9 v\u00e9g\u00e9tal?<\/span><\/h2>\n<\/div><div class=\"fusion-sep-clear\"><\/div><div class=\"fusion-separator fusion-full-width-sep\" style=\"margin-left: auto;margin-right: auto;margin-top:15px;width:100%;\"><\/div><div class=\"fusion-sep-clear\"><\/div><div class=\"fusion-text fusion-text-2\"><p class=\"p1\"><span class=\"s1\">Il est important pour les consommateurs qui \u00e9vitent la consommation des produits d\u2019origine animale pour diverses raisons, que ce soit par choix alimentaire, pour des raisons de sant\u00e9, par souci de l\u2019environnement, ou pour maintenir un certain mode de vie, de s\u2019assurer que les produits qu\u2019ils consomment ne contiennent aucun sous-produit animal non sp\u00e9cifi\u00e9.<\/span><\/p>\n<p class=\"p1\"><span class=\"s1\">C\u2019est l\u00e0 o\u00f9 Global Plant Based Certified fournit cette garantie. Afin de pouvoir obtenir la certification v\u00e9g\u00e9tale Global Plant Based, les fabricants doivent non seulement prouver que chaque ingr\u00e9dient est fait \u00e0 base de plantes, mais aussi qu\u2019aucun sous-produit animal n\u2019a \u00e9t\u00e9 utilis\u00e9 dans la production et que l\u2019\u00e9quipement a \u00e9t\u00e9 nettoy\u00e9 correctement apr\u00e8s toute fabrication de produits provenant d\u2019origine animale.<\/span><\/p>\n<\/div><div class=\"fusion-clearfix\"><\/div><\/div><\/div><\/div><\/div><div class=\"fusion-fullwidth fullwidth-box fusion-builder-row-3 hundred-percent-fullwidth non-hundred-percent-height-scrolling fusion-equal-height-columns white-text\" style=\"--awb-background-position:left top;--awb-border-sizes-top:0px;--awb-border-sizes-bottom:0px;--awb-border-sizes-left:0px;--awb-border-sizes-right:0px;--awb-border-radius-top-left:0px;--awb-border-radius-top-right:0px;--awb-border-radius-bottom-right:0px;--awb-border-radius-bottom-left:0px;--awb-padding-top:0px;--awb-padding-right:0px;--awb-padding-bottom:0px;--awb-padding-left:0px;--awb-flex-wrap:wrap;\" ><div class=\"fusion-builder-row fusion-row\"><div class=\"fusion-layout-column fusion_builder_column fusion-builder-column-3 fusion_builder_column_1_2 1_2 fusion-one-half fusion-column-first\" style=\"--awb-padding-top:100px;--awb-padding-right:14%;--awb-padding-bottom:100px;--awb-padding-left:14%;--awb-bg-color:#70b53c;--awb-bg-color-hover:#70b53c;--awb-bg-size:cover;\"><div class=\"fusion-column-wrapper fusion-column-has-shadow fusion-flex-column-wrapper-legacy\"><div class=\"fusion-text fusion-text-3\"><h2 style=\"font-size: 16px; font-weight: 900;\"><span style=\"color: #ffffff;\">\u00c9nonc\u00e9 de mission<\/span><\/h2>\n<h6 style=\"font-size: 16px; font-weight: normal;\"><span style=\"color: #ffffff;\">Global Plant Based Certified veut que s\u2019assurer que chaque consommateur ait la certitude que les choix alimentaires prudents qu&rsquo;il fait sont exactement ce qu&rsquo;ils sont. Notre certification unique bas\u00e9e sur l&rsquo;inspection garantit qu&rsquo;aucun petit extra n&rsquo;est ajout\u00e9 aux produits portant notre certification.<\/span><\/h6>\n<\/div><div class=\"fusion-clearfix\"><\/div><\/div><\/div><div class=\"fusion-layout-column fusion_builder_column fusion-builder-column-4 fusion_builder_column_1_2 1_2 fusion-one-half fusion-column-last\" style=\"--awb-bg-image:url(&#039;https:\/\/globalplantbased.com\/wp-content\/uploads\/2023\/08\/about-01.jpg&#039;);--awb-bg-position:left center;--awb-bg-size:cover;\" data-scroll-devices=\"small-visibility,medium-visibility,large-visibility\"><div class=\"fusion-column-wrapper fusion-column-has-shadow fusion-flex-column-wrapper-legacy fusion-column-has-bg-image\" data-bg-url=\"https:\/\/globalplantbased.com\/wp-content\/uploads\/2023\/08\/about-01.jpg\"><div class=\"fusion-sep-clear\"><\/div><div class=\"fusion-separator fusion-full-width-sep\" style=\"margin-left: auto;margin-right: auto;margin-top:200px;width:100%;\"><\/div><div class=\"fusion-sep-clear\"><\/div><div class=\"fusion-clearfix\"><\/div><\/div><\/div><div class=\"fusion-layout-column fusion_builder_column fusion-builder-column-5 fusion_builder_column_1_2 1_2 fusion-one-half fusion-column-first\" style=\"--awb-bg-image:url(&#039;https:\/\/globalplantbased.com\/wp-content\/uploads\/2019\/06\/about-02.jpg&#039;);--awb-bg-size:cover;\"><div class=\"fusion-column-wrapper fusion-column-has-shadow fusion-flex-column-wrapper-legacy fusion-column-has-bg-image\" data-bg-url=\"https:\/\/globalplantbased.com\/wp-content\/uploads\/2019\/06\/about-02.jpg\"><div class=\"fusion-sep-clear\"><\/div><div class=\"fusion-separator fusion-full-width-sep\" style=\"margin-left: auto;margin-right: auto;margin-top:200px;width:100%;\"><\/div><div class=\"fusion-sep-clear\"><\/div><div class=\"fusion-clearfix\"><\/div><\/div><\/div><div class=\"fusion-layout-column fusion_builder_column fusion-builder-column-6 fusion_builder_column_1_2 1_2 fusion-one-half fusion-column-last\" style=\"--awb-padding-top:100px;--awb-padding-right:14%;--awb-padding-bottom:100px;--awb-padding-left:14%;--awb-bg-color:#70b53c;--awb-bg-color-hover:#70b53c;--awb-bg-size:cover;\"><div class=\"fusion-column-wrapper fusion-column-has-shadow fusion-flex-column-wrapper-legacy\"><div class=\"fusion-text fusion-text-4\"><h2><span style=\"color: #ffffff;\">Comment obtenir la certification<\/span><\/h2>\n<h6><span style=\"color: #ffffff; font-size: 16px; font-weight: normal;\">Le processus de demande exige une liste compl\u00e8te d\u2019ingr\u00e9dients et de fabricants pour les produits que vous d\u00e9sirez certifier.<\/span><\/h6>\n<\/div><div class=\"fusion-sep-clear\"><\/div><div class=\"fusion-separator fusion-full-width-sep\" style=\"margin-left: auto;margin-right: auto;margin-top:25px;width:100%;\"><\/div><div class=\"fusion-sep-clear\"><\/div><div class=\"fusion-button-wrapper\"><a class=\"fusion-button button-flat button-large button-custom fusion-button-default button-1 fusion-button-default-span \" style=\"--button_accent_color:#ffffff;--button_accent_hover_color:#ffffff;--button_border_hover_color:#ffffff;--button_border_width-top:2px;--button_border_width-right:2px;--button_border_width-bottom:2px;--button_border_width-left:2px;--button_gradient_top_color:rgba(255,255,255,0);--button_gradient_bottom_color:rgba(255,255,255,0);--button_gradient_top_color_hover:rgba(255,255,255,0.1);--button_gradient_bottom_color_hover:rgba(255,255,255,0.1);\" target=\"_self\" href=\"https:\/\/globalplantbased.com\/fr\/get-certified\/\"><span class=\"fusion-button-text awb-button__text awb-button__text--default\">POSTULEZ MAINTENANT<\/span><\/a><\/div><div class=\"fusion-clearfix\"><\/div><\/div><\/div><div class=\"fusion-layout-column fusion_builder_column fusion-builder-column-7 fusion_builder_column_1_2 1_2 fusion-one-half fusion-column-first\" style=\"--awb-padding-top:100px;--awb-padding-right:14%;--awb-padding-bottom:100px;--awb-padding-left:14%;--awb-bg-color:#70b53c;--awb-bg-color-hover:#70b53c;--awb-bg-size:cover;\"><div class=\"fusion-column-wrapper fusion-column-has-shadow fusion-flex-column-wrapper-legacy\"><div class=\"fusion-text fusion-text-5\"><h2><span style=\"color: #ffffff;\">Pourquoi chercher la certification v\u00e9g\u00e9tale?<\/span><\/h2>\n<div class=\"fusion-text\">\n<h6><span style=\"color: #ffffff; font-size: 16px; font-weight: normal;\">La sant\u00e9, les droits des animaux, le souci de l\u2019environnement, les restrictions alimentaires, v\u00e9g\u00e9tarisme, v\u00e9g\u00e9talisme<\/span><\/h6>\n<\/div>\n<\/div><div class=\"fusion-sep-clear\"><\/div><div class=\"fusion-separator fusion-full-width-sep\" style=\"margin-left: auto;margin-right: auto;margin-top:25px;width:100%;\"><\/div><div class=\"fusion-sep-clear\"><\/div><div class=\"fusion-button-wrapper\"><a class=\"fusion-button button-flat button-large button-custom fusion-button-default button-2 fusion-button-default-span \" style=\"--button_accent_color:#ffffff;--button_accent_hover_color:#ffffff;--button_border_hover_color:#ffffff;--button_border_width-top:2px;--button_border_width-right:2px;--button_border_width-bottom:2px;--button_border_width-left:2px;--button_gradient_top_color:rgba(255,255,255,0);--button_gradient_bottom_color:rgba(255,255,255,0);--button_gradient_top_color_hover:rgba(255,255,255,0.1);--button_gradient_bottom_color_hover:rgba(255,255,255,0.1);\" target=\"_self\" href=\"https:\/\/globalplantbased.com\/fr\/consumers\/\"><span class=\"fusion-button-text awb-button__text awb-button__text--default\">SAVOIR PLUS<\/span><\/a><\/div><div class=\"fusion-clearfix\"><\/div><\/div><\/div><div class=\"fusion-layout-column fusion_builder_column fusion-builder-column-8 fusion_builder_column_1_2 1_2 fusion-one-half fusion-column-last\" style=\"--awb-bg-image:url(&#039;https:\/\/globalplantbased.com\/wp-content\/uploads\/2019\/06\/about-03.jpg&#039;);--awb-bg-position:left center;--awb-bg-size:cover;\"><div class=\"fusion-column-wrapper fusion-column-has-shadow fusion-flex-column-wrapper-legacy fusion-column-has-bg-image\" data-bg-url=\"https:\/\/globalplantbased.com\/wp-content\/uploads\/2019\/06\/about-03.jpg\"><div class=\"fusion-sep-clear\"><\/div><div class=\"fusion-separator fusion-full-width-sep\" style=\"margin-left: auto;margin-right: auto;margin-top:200px;width:100%;\"><\/div><div class=\"fusion-sep-clear\"><\/div><div class=\"fusion-clearfix\"><\/div><\/div><\/div><\/div><\/div><div class=\"fusion-fullwidth fullwidth-box fusion-builder-row-4 nonhundred-percent-fullwidth non-hundred-percent-height-scrolling\" style=\"--awb-border-radius-top-left:0px;--awb-border-radius-top-right:0px;--awb-border-radius-bottom-right:0px;--awb-border-radius-bottom-left:0px;--awb-flex-wrap:wrap;\" ><div class=\"fusion-builder-row fusion-row\"><div class=\"fusion-layout-column fusion_builder_column fusion-builder-column-9 fusion_builder_column_1_1 1_1 fusion-one-full fusion-column-first fusion-column-last\" style=\"--awb-bg-size:cover;\"><div class=\"fusion-column-wrapper fusion-column-has-shadow fusion-flex-column-wrapper-legacy\"><div class=\"fusion-clearfix\"><\/div><\/div><\/div><\/div><\/div><\/p>\n","protected":false},"excerpt":{"rendered":"","protected":false},"author":1,"featured_media":0,"parent":0,"menu_order":0,"comment_status":"closed","ping_status":"open","template":"100-width.php","meta":{"footnotes":""},"class_list":["post-965","page","type-page","status-publish","hentry"],"yoast_head":"<!-- This site is optimized with the Yoast SEO plugin v26.7 - https:\/\/yoast.com\/wordpress\/plugins\/seo\/ -->\n<title>\u00c0 propos - Global Plant Based<\/title>\n<meta name=\"robots\" content=\"index, follow, max-snippet:-1, max-image-preview:large, max-video-preview:-1\" \/>\n<link rel=\"canonical\" href=\"https:\/\/globalplantbased.com\/fr\/about-us\/\" \/>\n<meta property=\"og:locale\" content=\"fr_FR\" \/>\n<meta property=\"og:type\" content=\"article\" \/>\n<meta property=\"og:title\" content=\"\u00c0 propos - Global Plant Based\" \/>\n<meta property=\"og:url\" content=\"https:\/\/globalplantbased.com\/fr\/about-us\/\" \/>\n<meta property=\"og:site_name\" content=\"Global Plant Based\" \/>\n<meta property=\"article:modified_time\" content=\"2023-08-21T20:20:27+00:00\" \/>\n<meta name=\"twitter:card\" content=\"summary_large_image\" \/>\n<meta name=\"twitter:label1\" content=\"Dur\u00e9e de lecture estim\u00e9e\" \/>\n\t<meta name=\"twitter:data1\" content=\"16 minutes\" \/>\n<script type=\"application\/ld+json\" class=\"yoast-schema-graph\">{\"@context\":\"https:\/\/schema.org\",\"@graph\":[{\"@type\":\"WebPage\",\"@id\":\"https:\/\/globalplantbased.com\/fr\/about-us\/\",\"url\":\"https:\/\/globalplantbased.com\/fr\/about-us\/\",\"name\":\"\u00c0 propos - Global Plant Based\",\"isPartOf\":{\"@id\":\"https:\/\/globalplantbased.com\/#website\"},\"datePublished\":\"2019-06-24T16:58:49+00:00\",\"dateModified\":\"2023-08-21T20:20:27+00:00\",\"breadcrumb\":{\"@id\":\"https:\/\/globalplantbased.com\/fr\/about-us\/#breadcrumb\"},\"inLanguage\":\"fr-FR\",\"potentialAction\":[{\"@type\":\"ReadAction\",\"target\":[\"https:\/\/globalplantbased.com\/fr\/about-us\/\"]}]},{\"@type\":\"BreadcrumbList\",\"@id\":\"https:\/\/globalplantbased.com\/fr\/about-us\/#breadcrumb\",\"itemListElement\":[{\"@type\":\"ListItem\",\"position\":1,\"name\":\"Home\",\"item\":\"https:\/\/globalplantbased.com\/fr\/\"},{\"@type\":\"ListItem\",\"position\":2,\"name\":\"\u00c0 propos\"}]},{\"@type\":\"WebSite\",\"@id\":\"https:\/\/globalplantbased.com\/#website\",\"url\":\"https:\/\/globalplantbased.com\/\",\"name\":\"Global Plant Based\",\"description\":\"\",\"publisher\":{\"@id\":\"https:\/\/globalplantbased.com\/#organization\"},\"potentialAction\":[{\"@type\":\"SearchAction\",\"target\":{\"@type\":\"EntryPoint\",\"urlTemplate\":\"https:\/\/globalplantbased.com\/?s={search_term_string}\"},\"query-input\":{\"@type\":\"PropertyValueSpecification\",\"valueRequired\":true,\"valueName\":\"search_term_string\"}}],\"inLanguage\":\"fr-FR\"},{\"@type\":\"Organization\",\"@id\":\"https:\/\/globalplantbased.com\/#organization\",\"name\":\"GLOBAL PLANT BASED CERTIFIED\",\"url\":\"https:\/\/globalplantbased.com\/\",\"logo\":{\"@type\":\"ImageObject\",\"inLanguage\":\"fr-FR\",\"@id\":\"https:\/\/globalplantbased.com\/#\/schema\/logo\/image\/\",\"url\":\"https:\/\/globalplantbased.com\/wp-content\/uploads\/2019\/06\/logo1282.png\",\"contentUrl\":\"https:\/\/globalplantbased.com\/wp-content\/uploads\/2019\/06\/logo1282.png\",\"width\":1000,\"height\":994,\"caption\":\"GLOBAL PLANT BASED CERTIFIED\"},\"image\":{\"@id\":\"https:\/\/globalplantbased.com\/#\/schema\/logo\/image\/\"}}]}<\/script>\n<!-- \/ Yoast SEO plugin. -->","yoast_head_json":{"title":"\u00c0 propos - Global Plant Based","robots":{"index":"index","follow":"follow","max-snippet":"max-snippet:-1","max-image-preview":"max-image-preview:large","max-video-preview":"max-video-preview:-1"},"canonical":"https:\/\/globalplantbased.com\/fr\/about-us\/","og_locale":"fr_FR","og_type":"article","og_title":"\u00c0 propos - Global Plant Based","og_url":"https:\/\/globalplantbased.com\/fr\/about-us\/","og_site_name":"Global Plant Based","article_modified_time":"2023-08-21T20:20:27+00:00","twitter_card":"summary_large_image","twitter_misc":{"Dur\u00e9e de lecture estim\u00e9e":"16 minutes"},"schema":{"@context":"https:\/\/schema.org","@graph":[{"@type":"WebPage","@id":"https:\/\/globalplantbased.com\/fr\/about-us\/","url":"https:\/\/globalplantbased.com\/fr\/about-us\/","name":"\u00c0 propos - Global Plant Based","isPartOf":{"@id":"https:\/\/globalplantbased.com\/#website"},"datePublished":"2019-06-24T16:58:49+00:00","dateModified":"2023-08-21T20:20:27+00:00","breadcrumb":{"@id":"https:\/\/globalplantbased.com\/fr\/about-us\/#breadcrumb"},"inLanguage":"fr-FR","potentialAction":[{"@type":"ReadAction","target":["https:\/\/globalplantbased.com\/fr\/about-us\/"]}]},{"@type":"BreadcrumbList","@id":"https:\/\/globalplantbased.com\/fr\/about-us\/#breadcrumb","itemListElement":[{"@type":"ListItem","position":1,"name":"Home","item":"https:\/\/globalplantbased.com\/fr\/"},{"@type":"ListItem","position":2,"name":"\u00c0 propos"}]},{"@type":"WebSite","@id":"https:\/\/globalplantbased.com\/#website","url":"https:\/\/globalplantbased.com\/","name":"Global Plant Based","description":"","publisher":{"@id":"https:\/\/globalplantbased.com\/#organization"},"potentialAction":[{"@type":"SearchAction","target":{"@type":"EntryPoint","urlTemplate":"https:\/\/globalplantbased.com\/?s={search_term_string}"},"query-input":{"@type":"PropertyValueSpecification","valueRequired":true,"valueName":"search_term_string"}}],"inLanguage":"fr-FR"},{"@type":"Organization","@id":"https:\/\/globalplantbased.com\/#organization","name":"GLOBAL PLANT BASED CERTIFIED","url":"https:\/\/globalplantbased.com\/","logo":{"@type":"ImageObject","inLanguage":"fr-FR","@id":"https:\/\/globalplantbased.com\/#\/schema\/logo\/image\/","url":"https:\/\/globalplantbased.com\/wp-content\/uploads\/2019\/06\/logo1282.png","contentUrl":"https:\/\/globalplantbased.com\/wp-content\/uploads\/2019\/06\/logo1282.png","width":1000,"height":994,"caption":"GLOBAL PLANT BASED CERTIFIED"},"image":{"@id":"https:\/\/globalplantbased.com\/#\/schema\/logo\/image\/"}}]}},"_links":{"self":[{"href":"https:\/\/globalplantbased.com\/fr\/wp-json\/wp\/v2\/pages\/965","targetHints":{"allow":["GET"]}}],"collection":[{"href":"https:\/\/globalplantbased.com\/fr\/wp-json\/wp\/v2\/pages"}],"about":[{"href":"https:\/\/globalplantbased.com\/fr\/wp-json\/wp\/v2\/types\/page"}],"author":[{"embeddable":true,"href":"https:\/\/globalplantbased.com\/fr\/wp-json\/wp\/v2\/users\/1"}],"replies":[{"embeddable":true,"href":"https:\/\/globalplantbased.com\/fr\/wp-json\/wp\/v2\/comments?post=965"}],"version-history":[{"count":17,"href":"https:\/\/globalplantbased.com\/fr\/wp-json\/wp\/v2\/pages\/965\/revisions"}],"predecessor-version":[{"id":1598,"href":"https:\/\/globalplantbased.com\/fr\/wp-json\/wp\/v2\/pages\/965\/revisions\/1598"}],"wp:attachment":[{"href":"https:\/\/globalplantbased.com\/fr\/wp-json\/wp\/v2\/media?parent=965"}],"curies":[{"name":"wp","href":"https:\/\/api.w.org\/{rel}","templated":true}]}}