{"id":980,"date":"2019-06-24T10:10:07","date_gmt":"2019-06-24T17:10:07","guid":{"rendered":"https:\/\/globalplantbased.com\/?page_id=980"},"modified":"2025-09-01T08:59:20","modified_gmt":"2025-09-01T15:59:20","slug":"faq","status":"publish","type":"page","link":"https:\/\/globalplantbased.com\/fr\/faq\/","title":{"rendered":"FAQ"},"content":{"rendered":"<p><div class=\"fusion-fullwidth fullwidth-box fusion-builder-row-1 has-pattern-background has-mask-background fusion-parallax-none nonhundred-percent-fullwidth non-hundred-percent-height-scrolling\" style=\"--awb-border-radius-top-left:0px;--awb-border-radius-top-right:0px;--awb-border-radius-bottom-right:0px;--awb-border-radius-bottom-left:0px;--awb-padding-top:40px;--awb-padding-bottom:180px;--awb-background-image:url(&quot;https:\/\/globalplantbased.com\/wp-content\/uploads\/2023\/08\/faq-header.jpg&quot;);--awb-background-size:cover;--awb-flex-wrap:wrap;\" ><div class=\"fusion-builder-row fusion-row\"><div class=\"fusion-layout-column fusion_builder_column fusion-builder-column-0 fusion_builder_column_1_1 1_1 fusion-one-full fusion-column-first fusion-column-last\" style=\"--awb-padding-top:80px;--awb-padding-bottom:80px;--awb-bg-size:cover;\"><div class=\"fusion-column-wrapper fusion-column-has-shadow fusion-flex-column-wrapper-legacy\"><div class=\"fusion-clearfix\"><\/div><\/div><\/div><\/div><\/div><div class=\"fusion-fullwidth fullwidth-box fusion-builder-row-2 nonhundred-percent-fullwidth non-hundred-percent-height-scrolling\" style=\"--awb-background-position:right center;--awb-border-radius-top-left:0px;--awb-border-radius-top-right:0px;--awb-border-radius-bottom-right:0px;--awb-border-radius-bottom-left:0px;--awb-padding-top:80px;--awb-flex-wrap:wrap;\" ><div class=\"fusion-builder-row fusion-row\"><div class=\"fusion-layout-column fusion_builder_column fusion-builder-column-1 fusion_builder_column_1_2 1_2 fusion-one-half fusion-column-first\" style=\"--awb-padding-top:20px;--awb-bg-position:left center;--awb-bg-size:cover;--awb-box-shadow: 0px 0px ;;width:50%;width:calc(50% - ( ( 4% ) * 0.5 ) );margin-right: 4%;\"><div class=\"fusion-column-wrapper fusion-column-has-shadow fusion-flex-column-wrapper-legacy\"><div class=\"fusion-text fusion-text-1\"><h2>FAQ<\/h2>\n<h3 class=\"question-title\">Quelle est la diff\u00e9rence entre \u00ab\u00a0\u00e0 base de plantes\u00a0\u00bb et \u00ab\u00a0v\u00e9g\u00e9talien\u00a0\u00bb?<\/h3>\n<p class=\"question-reponse\">Un r\u00e9gime alimentaire \u00e0 base de plantes est compos\u00e9 principalement d&rsquo;aliments d\u00e9riv\u00e9s de plantes, ce qui inclut les l\u00e9gumes, les grains entiers, les l\u00e9gumineuses, les fruits et les noix. Les personnes qui suivent un r\u00e9gime alimentaire \u00e0 base de plantes ne sont pas cens\u00e9es \u00e9liminer tous les produits animaux, mais plut\u00f4t centrer leur alimentation sur un plus grand nombre d&rsquo;aliments d&rsquo;origine v\u00e9g\u00e9tale. Le terme \u00ab\u00a0\u00e0 base de plantes\u00a0\u00bb s&rsquo;adresse \u00e0 un public plus large qui fait des choix alimentaires pour des raisons tr\u00e8s diverses. Un r\u00e9gime v\u00e9g\u00e9talien est similaire, mais la personne s&rsquo;abstient de manger tout produit animal et adopte un choix de vie sp\u00e9cifique et est pr\u00e9sum\u00e9 \u00eatre li\u00e9 \u00e0 un ensemble sp\u00e9cifique de croyances.<\/p>\n<h3 class=\"question-title\">Pourquoi certains produits ont plusieurs certifications?<\/h3>\n<p class=\"question-reponse\">Un produit certifi\u00e9 v\u00e9g\u00e9tal Global Plant Based Certified peut \u00e9galement porter des logos de certification indiquant que le produit est halal, cach\u00e8re, sans gluten et\/ou r\u00e9pond \u00e0 une vari\u00e9t\u00e9 d&rsquo;autres qualifications di\u00e9t\u00e9tiques sp\u00e9ciales, car ce sont des garanties de normes di\u00e9t\u00e9tiques diff\u00e9rentes.<\/p>\n<h3 class=\"question-title\">Pourquoi un aliment a-t-il besoin de certification si la liste d\u2019ingr\u00e9dients est imprim\u00e9e sur l\u2019emballage?<\/h3>\n<p class=\"question-reponse\">Les informations sur les produits sont de plus en plus difficiles \u00e0 comprendre pour les consommateurs qui se contentent de lire la liste des ingr\u00e9dients. Vous serez peut-\u00eatre surpris d&rsquo;apprendre que certains ingr\u00e9dients courants sont en fait des sous-produits animaux. Voici cinq additifs courants que vous n&rsquo;avez peut-\u00eatre pas reconnus :<\/p>\n<ol>\n<li><strong>La g\u00e9latine:<\/strong> est une substance prot\u00e9ique d\u00e9riv\u00e9e du collag\u00e8ne, pr\u00e9sente dans les tendons, les ligaments et les tissus des mammif\u00e8res. Elle est utilis\u00e9e pour \u00e9paissir ou solidifier les produits alimentaires. Aliments pouvant contenir de la g\u00e9latine : guimauves, certains yaourts, les c\u00e9r\u00e9ales givr\u00e9es, desserts contenant de la g\u00e9latine.<\/li>\n<li><strong>Castor\u00e9um:<\/strong> S\u00e9cr\u00e9tion produite par les castors, couramment utilis\u00e9e comme additif alimentaire. Cet additif alimentaire approuv\u00e9 par le Food and Drug Administration aux \u00c9tats-Unis est \u00e9tiquet\u00e9 comme \u00ab\u00a0ar\u00f4me naturel\u00a0\u00bb. <strong>Aliments pouvant contenir du castor\u00e9um:<\/strong> glaces \u00e0 la fraise, \u00e0 la vanille ou \u00e0 la framboise, confiseries, boissons alcoolis\u00e9es, produits de boulangerie.<\/li>\n<li><strong>Carmine<\/strong> (alias cochenille, extrait de cochenille): : Pigment rouge provenant de la cochenille femelle, utilis\u00e9 dans la teinture rouge ou les colorants alimentaires. \u00a0<strong>Aliments pouvant contenir de la carmine:<\/strong> confiseries, jus, produits de boulangerie, glaces, garnitures aux fruits.<\/li>\n<li><strong>Cas\u00e9ine:<\/strong>\u00a0 Un d\u00e9riv\u00e9 du lait. <strong>Aliments pouvant contenir de la cas\u00e9ine:<\/strong> Boissons de substitution de repas.<\/li>\n<li><strong>L-Cyst\u00e9ine:<\/strong> Additif fabriqu\u00e9 \u00e0 partir d&rsquo;un acide amin\u00e9 d\u00e9riv\u00e9 de sources humaine ou animale telles que les plumes de canard et les cheveux humains.\u00a0 <strong>Aliments pouvant contenir de la L-Cyst\u00e9ine: <\/strong>produits de boulangerie.<\/li>\n<\/ol>\n<h3><b>Est-ce qu\u2019un r\u00e9gime \u00e0 base de plantes contribue \u00e0 la pr\u00e9vention de maladies chroniques? <\/b><\/h3>\n<p><a href=\"https:\/\/www.ncbi.nlm.nih.gov\/pmc\/articles\/PMC3662288\/\"><span style=\"font-weight: 400;\">Il est reconnu<\/span><\/a><span style=\"font-weight: 400;\"> qu&rsquo;un r\u00e9gime alimentaire \u00e0 base de plantes fortement mis en \u0153uvre est associ\u00e9 \u00e0 des taux plus faibles de maladies cardiaques, d&rsquo;ob\u00e9sit\u00e9, d&rsquo;hypercholest\u00e9rol\u00e9mie, d&rsquo;hypertension art\u00e9rielle, de diab\u00e8te de type 2 et de certains types de cancer. <\/span><\/p>\n<h3><b>Est-ce qu\u2019on peut consommer assez de prot\u00e9ine en ne mangeant que des plantes?<\/b><\/h3>\n<p><span style=\"font-weight: 400;\">Une carence en prot\u00e9ines est extr\u00eamement peu probable. Pour obtenir tous vos acides amin\u00e9s, concentrez-vous sur la consommation d&rsquo;une vari\u00e9t\u00e9 de plantes riches en prot\u00e9ines, notamment les lentilles, les haricots, les noix, les graines et les laits \u00e0 base de plantes. <\/span><\/p>\n<h3><b>Comment vais-je consommer du calcium?<\/b><\/h3>\n<p><span style=\"font-weight: 400;\">Il existe une infinit\u00e9 d&rsquo;aliments d&rsquo;origine v\u00e9g\u00e9tale riches en calcium, comme les graines de chia, les graines de s\u00e9same, la m\u00e9lasse, les haricots, le pak-cho\u00ef et les figues. C&rsquo;est peut-\u00eatre difficile \u00e0 croire, mais il est en fait prouv\u00e9 dans la plupart des cultures que moins on consomme de produits laitiers, plus le corps absorbe de calcium.<\/span><\/p>\n<h3><b>Comment vais-je consommer du fer?<\/b><\/h3>\n<p><span style=\"font-weight: 400;\">Vous devez \u00eatre un peu plus prudent pour vous assurer que vous consommez suffisamment de sources v\u00e9g\u00e9tales telles que : les l\u00e9gumes verts \u00e0 feuille, les lentilles, le tofu, le quinoa, l&rsquo;avoine, les graines de courge, les bettes \u00e0 carde, le jus de pruneau, etc. <\/span><\/p>\n<h3><b>Un r\u00e9gime \u00e0 base de plantes est-il convenable pour tous sur le plan nutritionnel?<\/b><\/h3>\n<p><span style=\"font-weight: 400;\">Les r\u00e9gimes alimentaires \u00e0 base de plantes, lorsqu&rsquo;ils sont bien planifi\u00e9s, sont reconnus par le plus grand r\u00e9seau de di\u00e9t\u00e9ticiens au monde (<\/span><span style=\"color: #70b63c;\"><a style=\"color: #70b63c;\" href=\"http:\/\/www.andjrnl.org\/article\/S2212-2672(16)31192-3\/pdf\"><span style=\"font-weight: 400;\">The Academy of Nutrition &amp; Dietetics<\/span><\/a><\/span><span style=\"font-weight: 400;\">) comme \u00e9tant sains et ad\u00e9quats sur le plan nutritionnel pour les personnes de tous \u00e2ges et \u00e0 tous les stades du cycle de vie. Cela signifie que, lorsqu&rsquo;il est suivi correctement, chacun peut obtenir tous les nutriments dont il a besoin en mangeant exclusivement des aliments d&rsquo;origine v\u00e9g\u00e9tale.<\/span><\/p>\n<h2>Un r\u00e9gime alimentaire \u00e0 base de plantes est nutritif et n&rsquo;a pas besoin d&rsquo;\u00eatre ennuyeux.<\/h2>\n<p><span style=\"font-weight: 400;\">Contrairement aux croyances populaires, un r\u00e9gime alimentaire \u00e0 base de plantes peut vous fournir des macronutriments en quantit\u00e9 suffisante, sans \u00eatre fade ni vous co\u00fbter la totalit\u00e9 de votre salaire. Si vous envisagez toujours de suivre un r\u00e9gime v\u00e9g\u00e9tal, il est donc temps de dresser une liste d&rsquo;\u00e9picerie, d&rsquo;investir dans un livre de recettes (ou deux) et de commencer \u00e0 cuisiner!<\/span><\/p>\n<\/div><div class=\"fusion-clearfix\"><\/div><\/div><\/div><div class=\"fusion-layout-column fusion_builder_column fusion-builder-column-2 fusion_builder_column_1_2 1_2 fusion-one-half fusion-column-last\" style=\"--awb-bg-size:cover;width:50%;width:calc(50% - ( ( 4% ) * 0.5 ) );\"><div class=\"fusion-column-wrapper fusion-column-has-shadow fusion-flex-column-wrapper-legacy\"><div class=\"fusion-image-element in-legacy-container\" style=\"--awb-caption-title-font-family:var(--h2_typography-font-family);--awb-caption-title-font-weight:var(--h2_typography-font-weight);--awb-caption-title-font-style:var(--h2_typography-font-style);--awb-caption-title-size:var(--h2_typography-font-size);--awb-caption-title-transform:var(--h2_typography-text-transform);--awb-caption-title-line-height:var(--h2_typography-line-height);--awb-caption-title-letter-spacing:var(--h2_typography-letter-spacing);\"><span class=\" fusion-imageframe imageframe-none imageframe-1 hover-type-none\"><img decoding=\"async\" width=\"600\" height=\"1052\" title=\"faq-content\" src=\"https:\/\/globalplantbased.com\/wp-content\/uploads\/2019\/06\/faq-content.jpg\" alt class=\"img-responsive wp-image-883\" srcset=\"https:\/\/globalplantbased.com\/wp-content\/uploads\/2019\/06\/faq-content-200x351.jpg 200w, https:\/\/globalplantbased.com\/wp-content\/uploads\/2019\/06\/faq-content-400x701.jpg 400w, https:\/\/globalplantbased.com\/wp-content\/uploads\/2019\/06\/faq-content.jpg 600w\" sizes=\"(max-width: 1125px) 100vw, 600px\" \/><\/span><\/div><div class=\"fusion-clearfix\"><\/div><\/div><\/div><\/div><\/div><div class=\"fusion-fullwidth fullwidth-box fusion-builder-row-3 nonhundred-percent-fullwidth non-hundred-percent-height-scrolling\" style=\"--awb-border-radius-top-left:0px;--awb-border-radius-top-right:0px;--awb-border-radius-bottom-right:0px;--awb-border-radius-bottom-left:0px;--awb-flex-wrap:wrap;\" ><div class=\"fusion-builder-row fusion-row\"><div class=\"fusion-layout-column fusion_builder_column fusion-builder-column-3 fusion_builder_column_1_2 1_2 fusion-one-half fusion-column-first\" style=\"--awb-bg-size:cover;width:50%;width:calc(50% - ( ( 4% ) * 0.5 ) );margin-right: 4%;\"><div class=\"fusion-column-wrapper fusion-column-has-shadow fusion-flex-column-wrapper-legacy\"><div class=\"fusion-text fusion-text-2\"><h2 class=\"text_green\">Contactez Nos Experts<\/h2>\n<\/div><div class=\"fusion-sep-clear\"><\/div><div class=\"fusion-separator fusion-full-width-sep\" style=\"margin-left: auto;margin-right: auto;width:100%;\"><\/div><div class=\"fusion-sep-clear\"><\/div><div class=\"fusion-button-wrapper\"><a class=\"fusion-button button-flat fusion-button-default-size button-default fusion-button-default button-1 fusion-button-default-span fusion-button-default-type btn-green-background\" target=\"_self\" href=\"tel:18336835268\" id=\"btn-call-us\"><span class=\"fusion-button-text awb-button__text awb-button__text--default\">APPELEZ NOUS<\/span><\/a><\/div><div class=\"fusion-button-wrapper\"><a class=\"fusion-button button-flat fusion-button-default-size button-default fusion-button-default button-2 fusion-button-default-span fusion-button-default-type btn-green-background\" target=\"_self\" href=\"mailto:info@globalplantbased.com\"><span class=\"fusion-button-text awb-button__text awb-button__text--default\">ENVOYER UN E-MAIL<\/span><\/a><\/div><div class=\"fusion-clearfix\"><\/div><\/div><\/div><div class=\"fusion-layout-column fusion_builder_column fusion-builder-column-4 fusion_builder_column_1_2 1_2 fusion-one-half fusion-column-last\" style=\"--awb-bg-size:cover;width:50%;width:calc(50% - ( ( 4% ) * 0.5 ) );\"><div class=\"fusion-column-wrapper fusion-column-has-shadow fusion-flex-column-wrapper-legacy\"><div class=\"fusion-clearfix\"><\/div><\/div><\/div><\/div><\/div>\n<\/p>\n","protected":false},"excerpt":{"rendered":"","protected":false},"author":1,"featured_media":0,"parent":0,"menu_order":0,"comment_status":"closed","ping_status":"open","template":"100-width.php","meta":{"footnotes":""},"class_list":["post-980","page","type-page","status-publish","hentry"],"yoast_head":"<!-- This site is optimized with the Yoast SEO plugin v26.7 - https:\/\/yoast.com\/wordpress\/plugins\/seo\/ -->\n<title>FAQ - Global Plant Based<\/title>\n<meta name=\"robots\" content=\"index, follow, max-snippet:-1, max-image-preview:large, max-video-preview:-1\" \/>\n<link rel=\"canonical\" href=\"https:\/\/globalplantbased.com\/fr\/faq\/\" \/>\n<meta property=\"og:locale\" content=\"fr_FR\" \/>\n<meta property=\"og:type\" content=\"article\" \/>\n<meta property=\"og:title\" content=\"FAQ - Global Plant Based\" \/>\n<meta property=\"og:url\" content=\"https:\/\/globalplantbased.com\/fr\/faq\/\" \/>\n<meta property=\"og:site_name\" content=\"Global Plant Based\" \/>\n<meta property=\"article:modified_time\" content=\"2025-09-01T15:59:20+00:00\" \/>\n<meta name=\"twitter:card\" content=\"summary_large_image\" \/>\n<meta name=\"twitter:label1\" content=\"Dur\u00e9e de lecture estim\u00e9e\" \/>\n\t<meta name=\"twitter:data1\" content=\"10 minutes\" \/>\n<script type=\"application\/ld+json\" class=\"yoast-schema-graph\">{\"@context\":\"https:\/\/schema.org\",\"@graph\":[{\"@type\":\"WebPage\",\"@id\":\"https:\/\/globalplantbased.com\/fr\/faq\/\",\"url\":\"https:\/\/globalplantbased.com\/fr\/faq\/\",\"name\":\"FAQ - Global Plant Based\",\"isPartOf\":{\"@id\":\"https:\/\/globalplantbased.com\/#website\"},\"datePublished\":\"2019-06-24T17:10:07+00:00\",\"dateModified\":\"2025-09-01T15:59:20+00:00\",\"breadcrumb\":{\"@id\":\"https:\/\/globalplantbased.com\/fr\/faq\/#breadcrumb\"},\"inLanguage\":\"fr-FR\",\"potentialAction\":[{\"@type\":\"ReadAction\",\"target\":[\"https:\/\/globalplantbased.com\/fr\/faq\/\"]}]},{\"@type\":\"BreadcrumbList\",\"@id\":\"https:\/\/globalplantbased.com\/fr\/faq\/#breadcrumb\",\"itemListElement\":[{\"@type\":\"ListItem\",\"position\":1,\"name\":\"Home\",\"item\":\"https:\/\/globalplantbased.com\/fr\/\"},{\"@type\":\"ListItem\",\"position\":2,\"name\":\"FAQ\"}]},{\"@type\":\"WebSite\",\"@id\":\"https:\/\/globalplantbased.com\/#website\",\"url\":\"https:\/\/globalplantbased.com\/\",\"name\":\"Global Plant Based\",\"description\":\"\",\"publisher\":{\"@id\":\"https:\/\/globalplantbased.com\/#organization\"},\"potentialAction\":[{\"@type\":\"SearchAction\",\"target\":{\"@type\":\"EntryPoint\",\"urlTemplate\":\"https:\/\/globalplantbased.com\/?s={search_term_string}\"},\"query-input\":{\"@type\":\"PropertyValueSpecification\",\"valueRequired\":true,\"valueName\":\"search_term_string\"}}],\"inLanguage\":\"fr-FR\"},{\"@type\":\"Organization\",\"@id\":\"https:\/\/globalplantbased.com\/#organization\",\"name\":\"GLOBAL PLANT BASED CERTIFIED\",\"url\":\"https:\/\/globalplantbased.com\/\",\"logo\":{\"@type\":\"ImageObject\",\"inLanguage\":\"fr-FR\",\"@id\":\"https:\/\/globalplantbased.com\/#\/schema\/logo\/image\/\",\"url\":\"https:\/\/globalplantbased.com\/wp-content\/uploads\/2019\/06\/logo1282.png\",\"contentUrl\":\"https:\/\/globalplantbased.com\/wp-content\/uploads\/2019\/06\/logo1282.png\",\"width\":1000,\"height\":994,\"caption\":\"GLOBAL PLANT BASED CERTIFIED\"},\"image\":{\"@id\":\"https:\/\/globalplantbased.com\/#\/schema\/logo\/image\/\"}}]}<\/script>\n<!-- \/ Yoast SEO plugin. -->","yoast_head_json":{"title":"FAQ - Global Plant Based","robots":{"index":"index","follow":"follow","max-snippet":"max-snippet:-1","max-image-preview":"max-image-preview:large","max-video-preview":"max-video-preview:-1"},"canonical":"https:\/\/globalplantbased.com\/fr\/faq\/","og_locale":"fr_FR","og_type":"article","og_title":"FAQ - Global Plant Based","og_url":"https:\/\/globalplantbased.com\/fr\/faq\/","og_site_name":"Global Plant Based","article_modified_time":"2025-09-01T15:59:20+00:00","twitter_card":"summary_large_image","twitter_misc":{"Dur\u00e9e de lecture estim\u00e9e":"10 minutes"},"schema":{"@context":"https:\/\/schema.org","@graph":[{"@type":"WebPage","@id":"https:\/\/globalplantbased.com\/fr\/faq\/","url":"https:\/\/globalplantbased.com\/fr\/faq\/","name":"FAQ - Global Plant Based","isPartOf":{"@id":"https:\/\/globalplantbased.com\/#website"},"datePublished":"2019-06-24T17:10:07+00:00","dateModified":"2025-09-01T15:59:20+00:00","breadcrumb":{"@id":"https:\/\/globalplantbased.com\/fr\/faq\/#breadcrumb"},"inLanguage":"fr-FR","potentialAction":[{"@type":"ReadAction","target":["https:\/\/globalplantbased.com\/fr\/faq\/"]}]},{"@type":"BreadcrumbList","@id":"https:\/\/globalplantbased.com\/fr\/faq\/#breadcrumb","itemListElement":[{"@type":"ListItem","position":1,"name":"Home","item":"https:\/\/globalplantbased.com\/fr\/"},{"@type":"ListItem","position":2,"name":"FAQ"}]},{"@type":"WebSite","@id":"https:\/\/globalplantbased.com\/#website","url":"https:\/\/globalplantbased.com\/","name":"Global Plant Based","description":"","publisher":{"@id":"https:\/\/globalplantbased.com\/#organization"},"potentialAction":[{"@type":"SearchAction","target":{"@type":"EntryPoint","urlTemplate":"https:\/\/globalplantbased.com\/?s={search_term_string}"},"query-input":{"@type":"PropertyValueSpecification","valueRequired":true,"valueName":"search_term_string"}}],"inLanguage":"fr-FR"},{"@type":"Organization","@id":"https:\/\/globalplantbased.com\/#organization","name":"GLOBAL PLANT BASED CERTIFIED","url":"https:\/\/globalplantbased.com\/","logo":{"@type":"ImageObject","inLanguage":"fr-FR","@id":"https:\/\/globalplantbased.com\/#\/schema\/logo\/image\/","url":"https:\/\/globalplantbased.com\/wp-content\/uploads\/2019\/06\/logo1282.png","contentUrl":"https:\/\/globalplantbased.com\/wp-content\/uploads\/2019\/06\/logo1282.png","width":1000,"height":994,"caption":"GLOBAL PLANT BASED CERTIFIED"},"image":{"@id":"https:\/\/globalplantbased.com\/#\/schema\/logo\/image\/"}}]}},"_links":{"self":[{"href":"https:\/\/globalplantbased.com\/fr\/wp-json\/wp\/v2\/pages\/980","targetHints":{"allow":["GET"]}}],"collection":[{"href":"https:\/\/globalplantbased.com\/fr\/wp-json\/wp\/v2\/pages"}],"about":[{"href":"https:\/\/globalplantbased.com\/fr\/wp-json\/wp\/v2\/types\/page"}],"author":[{"embeddable":true,"href":"https:\/\/globalplantbased.com\/fr\/wp-json\/wp\/v2\/users\/1"}],"replies":[{"embeddable":true,"href":"https:\/\/globalplantbased.com\/fr\/wp-json\/wp\/v2\/comments?post=980"}],"version-history":[{"count":10,"href":"https:\/\/globalplantbased.com\/fr\/wp-json\/wp\/v2\/pages\/980\/revisions"}],"predecessor-version":[{"id":2021,"href":"https:\/\/globalplantbased.com\/fr\/wp-json\/wp\/v2\/pages\/980\/revisions\/2021"}],"wp:attachment":[{"href":"https:\/\/globalplantbased.com\/fr\/wp-json\/wp\/v2\/media?parent=980"}],"curies":[{"name":"wp","href":"https:\/\/api.w.org\/{rel}","templated":true}]}}